{"id":2181,"date":"2020-02-14T14:44:45","date_gmt":"2020-02-14T20:44:45","guid":{"rendered":"https:\/\/insunte.edu.mx\/es\/?post_type=product&#038;p=2181"},"modified":"2025-11-21T08:33:14","modified_gmt":"2025-11-21T14:33:14","slug":"inscripcion-para-secundaria","status":"publish","type":"product","link":"https:\/\/insunte.edu.mx\/es\/producto\/inscripcion-para-secundaria\/","title":{"rendered":"Inscripci\u00f3n para Secundaria"},"content":{"rendered":"<p><strong>\u00a1Inscr\u00edbete a Secundaria!<\/strong><\/p>\n<p>Tenemos para ti la secundaria con 6 horas de ingl\u00e9s a la semana<\/p>\n<p>Termina en 3 a\u00f1os, estamos incorporados a la SEP.<\/p>\n<p>*Para cursar la secundaria es importante contar con la siguiente papeler\u00eda.<\/p>\n<ul>\n<li>Certificado de Primaria (Original y 2 copias)<\/li>\n<li>CURP y\/o INE Alumno (Copias)<\/li>\n<li>CURP y\/ o INE Pap\u00e1 o Tutor (Copias)<\/li>\n<li>Comprobante de domicilio (Original y 2 copias)<\/li>\n<li>Acta de Nacimiento (Original y 2 copias)<\/li>\n<li>8 fotograf\u00edas tama\u00f1o infantil (Es importante que no sean instant\u00e1neas)<\/li>\n<\/ul>\n<p>Esta papeler\u00eda es importante que se lleve directamente al \u00e1rea de control escolar de la unidad que se haya seleccionado.<\/p>\n<p><strong><span style=\"color: #ff0000;\">*Aplica exclusivamente a alumnos de nuevo ingreso<\/span><\/strong><\/p>\n","protected":false},"excerpt":{"rendered":"<p style=\"text-align: center;\"><strong>Proceso de Inscripci\u00f3n<\/strong><\/p>\n<p style=\"text-align: center;\"><strong>1.<\/strong> Sin examen de Admisi\u00f3n | <strong>2.<\/strong> Pago de Inscripci\u00f3n |<strong> 3.<\/strong> Entrega de Papeler\u00eda | <strong>4.<\/strong> Pago de mensualidad y administrativo.<\/p>\n","protected":false},"featured_media":8992,"comment_status":"open","ping_status":"closed","template":"","meta":[],"product_brand":[],"product_cat":[22],"product_tag":[],"class_list":{"0":"post-2181","1":"product","2":"type-product","3":"status-publish","4":"has-post-thumbnail","6":"product_cat-inscripcion","8":"first","9":"instock","10":"sale","11":"sold-individually","12":"shipping-taxable","13":"purchasable","14":"product-type-variable"},"jetpack_sharing_enabled":true,"_links":{"self":[{"href":"https:\/\/insunte.edu.mx\/es\/wp-json\/wp\/v2\/product\/2181","targetHints":{"allow":["GET"]}}],"collection":[{"href":"https:\/\/insunte.edu.mx\/es\/wp-json\/wp\/v2\/product"}],"about":[{"href":"https:\/\/insunte.edu.mx\/es\/wp-json\/wp\/v2\/types\/product"}],"replies":[{"embeddable":true,"href":"https:\/\/insunte.edu.mx\/es\/wp-json\/wp\/v2\/comments?post=2181"}],"wp:featuredmedia":[{"embeddable":true,"href":"https:\/\/insunte.edu.mx\/es\/wp-json\/wp\/v2\/media\/8992"}],"wp:attachment":[{"href":"https:\/\/insunte.edu.mx\/es\/wp-json\/wp\/v2\/media?parent=2181"}],"wp:term":[{"taxonomy":"product_brand","embeddable":true,"href":"https:\/\/insunte.edu.mx\/es\/wp-json\/wp\/v2\/product_brand?post=2181"},{"taxonomy":"product_cat","embeddable":true,"href":"https:\/\/insunte.edu.mx\/es\/wp-json\/wp\/v2\/product_cat?post=2181"},{"taxonomy":"product_tag","embeddable":true,"href":"https:\/\/insunte.edu.mx\/es\/wp-json\/wp\/v2\/product_tag?post=2181"}],"curies":[{"name":"wp","href":"https:\/\/api.w.org\/{rel}","templated":true}]}}