{"id":2132,"date":"2020-02-13T18:34:56","date_gmt":"2020-02-14T00:34:56","guid":{"rendered":"https:\/\/insunte.edu.mx\/es\/?post_type=product&#038;p=2132"},"modified":"2026-02-10T08:27:18","modified_gmt":"2026-02-10T14:27:18","slug":"incorporacion-universidad","status":"publish","type":"product","link":"https:\/\/insunte.edu.mx\/es\/producto\/incorporacion-universidad\/","title":{"rendered":"Inscripci\u00f3n Universidad Presencial"},"content":{"rendered":"<p><strong>\u00a1Inscr\u00edbete a Universidad!<\/strong><\/p>\n<p>Tenemos para ti 11 carreras, entre ellas 8 licenciaturas y 3 ingenier\u00edas.<\/p>\n<p>Termina en 3 a\u00f1os distribuidos en 9 cuatrimestres con validez oficial.<\/p>\n<p><span style=\"color: #000000;\">*Para cursar la universidad es importante contar con la siguiente papeler\u00eda.<\/span><\/p>\n<ul>\n<li><span style=\"color: #000000;\">Certificado de Bachillerato (Original y 2 copias)<\/span><\/li>\n<li><span style=\"color: #000000;\">CURP y\/o INE (Copias)<\/span><\/li>\n<li><span style=\"color: #000000;\">Comprobante de domicilio (Original y 2 copias)<\/span><\/li>\n<li><span style=\"color: #000000;\">Acta de Nacimiento (Original y 2 copias)<\/span><\/li>\n<li><span style=\"color: #000000;\">8 fotograf\u00edas tama\u00f1o infantil (Es importante que no sean instant\u00e1neas)<\/span><\/li>\n<\/ul>\n<p><span style=\"color: #000000;\">Esta papeler\u00eda es importante que se lleve directamente al \u00e1rea de control escolar de la unidad que se haya seleccionado.<\/span><\/p>\n","protected":false},"excerpt":{"rendered":"<h5 style=\"text-align: center;\"><strong style=\"font-size: 14px;\">Proceso de Inscripci\u00f3n<\/strong><\/h5>\n<p style=\"text-align: center;\"><strong>1.<\/strong> Sin examen de Admisi\u00f3n | <strong>2.<\/strong> Pago de Inscripci\u00f3n |<strong> 3.<\/strong> Entrega de Papeler\u00eda | <strong>4.<\/strong> Pago de mensualidad y administrativo.<\/p>\n","protected":false},"featured_media":8994,"comment_status":"open","ping_status":"closed","template":"","meta":[],"product_brand":[],"product_cat":[22],"product_tag":[],"class_list":{"0":"post-2132","1":"product","2":"type-product","3":"status-publish","4":"has-post-thumbnail","6":"product_cat-inscripcion","8":"first","9":"instock","10":"sale","11":"featured","12":"sold-individually","13":"shipping-taxable","14":"purchasable","15":"product-type-variable"},"jetpack_sharing_enabled":true,"_links":{"self":[{"href":"https:\/\/insunte.edu.mx\/es\/wp-json\/wp\/v2\/product\/2132","targetHints":{"allow":["GET"]}}],"collection":[{"href":"https:\/\/insunte.edu.mx\/es\/wp-json\/wp\/v2\/product"}],"about":[{"href":"https:\/\/insunte.edu.mx\/es\/wp-json\/wp\/v2\/types\/product"}],"replies":[{"embeddable":true,"href":"https:\/\/insunte.edu.mx\/es\/wp-json\/wp\/v2\/comments?post=2132"}],"wp:featuredmedia":[{"embeddable":true,"href":"https:\/\/insunte.edu.mx\/es\/wp-json\/wp\/v2\/media\/8994"}],"wp:attachment":[{"href":"https:\/\/insunte.edu.mx\/es\/wp-json\/wp\/v2\/media?parent=2132"}],"wp:term":[{"taxonomy":"product_brand","embeddable":true,"href":"https:\/\/insunte.edu.mx\/es\/wp-json\/wp\/v2\/product_brand?post=2132"},{"taxonomy":"product_cat","embeddable":true,"href":"https:\/\/insunte.edu.mx\/es\/wp-json\/wp\/v2\/product_cat?post=2132"},{"taxonomy":"product_tag","embeddable":true,"href":"https:\/\/insunte.edu.mx\/es\/wp-json\/wp\/v2\/product_tag?post=2132"}],"curies":[{"name":"wp","href":"https:\/\/api.w.org\/{rel}","templated":true}]}}