{"id":11676,"date":"2024-03-05T14:34:59","date_gmt":"2024-03-05T20:34:59","guid":{"rendered":"https:\/\/insunte.edu.mx\/es\/?post_type=product&#038;p=11676"},"modified":"2024-03-06T13:02:37","modified_gmt":"2024-03-06T19:02:37","slug":"recomendar","status":"publish","type":"product","link":"https:\/\/insunte.edu.mx\/es\/producto\/recomendar\/","title":{"rendered":"Embajador Tigre Blanco"},"content":{"rendered":"<p>\u00a1\u00danete a la familia de Embajadores Tigres Blancos y registra a tus recomendados hoy mismo!<\/p>\n<p>Estamos emocionados de invitarte a formar parte de nuestra comunidad de Embajadores Tigres Blancos. Si tienes personas en mente que podr\u00edan beneficiarse de nuestra red, \u00a1esta es tu oportunidad para recomendarlos y unirlos a nosotros!<\/p>\n<p>Registrar a tus recomendados es simple y r\u00e1pido. Todo lo que necesitas hacer es llenar nuestro formulario de registro en l\u00ednea con sus datos y seguir unos simples pasos para que se conviertan en parte de nuestra red.<\/p>\n","protected":false},"excerpt":{"rendered":"<p>Completa nuestro formulario de registro en l\u00ednea con los datos de tus recomendados. Aseg\u00farate de proporcionar informaci\u00f3n precisa y completa para que podamos ponernos en contacto con ellos.<\/p>\n","protected":false},"featured_media":11679,"comment_status":"open","ping_status":"closed","template":"","meta":[],"product_brand":[],"product_cat":[16],"product_tag":[],"class_list":{"0":"post-11676","1":"product","2":"type-product","3":"status-publish","4":"has-post-thumbnail","6":"product_cat-sin-categorizar","8":"first","9":"instock","10":"shipping-taxable","11":"purchasable","12":"product-type-simple"},"jetpack_sharing_enabled":true,"_links":{"self":[{"href":"https:\/\/insunte.edu.mx\/es\/wp-json\/wp\/v2\/product\/11676","targetHints":{"allow":["GET"]}}],"collection":[{"href":"https:\/\/insunte.edu.mx\/es\/wp-json\/wp\/v2\/product"}],"about":[{"href":"https:\/\/insunte.edu.mx\/es\/wp-json\/wp\/v2\/types\/product"}],"replies":[{"embeddable":true,"href":"https:\/\/insunte.edu.mx\/es\/wp-json\/wp\/v2\/comments?post=11676"}],"wp:featuredmedia":[{"embeddable":true,"href":"https:\/\/insunte.edu.mx\/es\/wp-json\/wp\/v2\/media\/11679"}],"wp:attachment":[{"href":"https:\/\/insunte.edu.mx\/es\/wp-json\/wp\/v2\/media?parent=11676"}],"wp:term":[{"taxonomy":"product_brand","embeddable":true,"href":"https:\/\/insunte.edu.mx\/es\/wp-json\/wp\/v2\/product_brand?post=11676"},{"taxonomy":"product_cat","embeddable":true,"href":"https:\/\/insunte.edu.mx\/es\/wp-json\/wp\/v2\/product_cat?post=11676"},{"taxonomy":"product_tag","embeddable":true,"href":"https:\/\/insunte.edu.mx\/es\/wp-json\/wp\/v2\/product_tag?post=11676"}],"curies":[{"name":"wp","href":"https:\/\/api.w.org\/{rel}","templated":true}]}}