{"id":444,"date":"2019-11-27T23:34:22","date_gmt":"2019-11-27T23:34:22","guid":{"rendered":"https:\/\/insunte.edu.mx\/es\/?page_id=444"},"modified":"2024-04-02T17:15:47","modified_gmt":"2024-04-02T23:15:47","slug":"ingenieria-industrial-en-manufactura","status":"publish","type":"page","link":"https:\/\/insunte.edu.mx\/es\/universidad\/ingenieria-industrial-en-manufactura\/","title":{"rendered":"Ingenier\u00eda Industrial en Manufactura"},"content":{"rendered":"<div class=\"wpb-content-wrapper\"><p>[vc_row][vc_column][vc_zigzag el_border_width=\u00bb8&#8243;][vc_column_text css_animation=\u00bbfadeIn\u00bb]<\/p>\n<h2 style=\"text-align: center;\"><span style=\"color: #000080;\"><strong>Objetivo de la carrera<\/strong><\/span><\/h2>\n<h4 style=\"text-align: center;\">Formaci\u00f3n integral de profesionales con capacidad anal\u00edtica, cr\u00edtica y creativa, capaces de dise\u00f1ar y desarrollar sistemas de manufactura encaminados a mejorar los sistemas de producci\u00f3n, de bienes y servicios mediante el uso adecuado de los recursos disponibles y con las t\u00e9cnicas m\u00e1s actualizadas, actuando como agentes de cambio y comprometidos con la problem\u00e1tica nacional.<\/h4>\n<p>[\/vc_column_text][\/vc_column][\/vc_row][vc_row][vc_column][vc_column_text css_animation=\u00bbfadeInRight\u00bb]<\/p>\n<h2 style=\"text-align: center;\"><span style=\"color: #000080;\">\u00bfQue desarrollar\u00e9 en la Ingenier\u00eda Industrial en Manufactura?<\/span><\/h2>\n<p>[\/vc_column_text][vc_tta_accordion][vc_tta_section i_icon_fontawesome=\u00bbfa fa-graduation-cap\u00bb add_icon=\u00bbtrue\u00bb title=\u00bbConocimientos\u00bb tab_id=\u00bb1574700301791-75f1196f-d127&#8243;][vc_column_text css_animation=\u00bbbounceIn\u00bb]<\/p>\n<ul>\n<li>\n<h4>La aplicaci\u00f3n de las Matem\u00e1ticas y de la Estad\u00edstica en la soluci\u00f3n cuantitativa de problemas y la toma de decisiones.<\/h4>\n<\/li>\n<li>\n<h4>Los conocimientos necesarios para planear, administrar y controlar la calidad total as\u00ed como la metrolog\u00eda y la normalizaci\u00f3n.<\/h4>\n<\/li>\n<li>\n<h4>La aplicaci\u00f3n de la Qu\u00edmica y la F\u00edsica en la soluci\u00f3n de problemas de ingenier\u00eda y producci\u00f3n.<\/h4>\n<\/li>\n<li>\n<h4>Aplicaci\u00f3n de la inform\u00e1tica como herramienta en el dise\u00f1o, los procesos estad\u00edsticos y las funciones de la ingenier\u00eda y los sistemas de dise\u00f1o y manufactura asistidos por computadora.<\/h4>\n<\/li>\n<li>\n<h4>La formulaci\u00f3n y evaluaci\u00f3n de los proyectos de inversi\u00f3n.<\/h4>\n<\/li>\n<li>\n<h4>La metodolog\u00eda de la investigaci\u00f3n como herramienta cient\u00edfica en la b\u00fasqueda de soluciones \u00f3ptimas a conflictos de car\u00e1cter t\u00e9cnico.<\/h4>\n<\/li>\n<li>\n<h4>La planeaci\u00f3n y control de la producci\u00f3n y los sistemas de planeaci\u00f3n, para la optimizaci\u00f3n de los procesos productivos.<\/h4>\n<\/li>\n<li>\n<h4>La administraci\u00f3n de los recursos humanos el derecho laboral y la motivaci\u00f3n del personal.<\/h4>\n<\/li>\n<li>\n<h4>Los procesos de fabricaci\u00f3n, la administraci\u00f3n del mantenimiento y la ingenier\u00eda de planta como bases para la operaci\u00f3n y mejora del sistema productivo.<\/h4>\n<\/li>\n<li>\n<h4>Los estudios del trabajo, la ergonom\u00eda y la ingenier\u00eda de sistemas, para la aplicaci\u00f3n de mejoras a los procesos productivos y para la aplicaci\u00f3n de sistemas esbeltos de manufactura.<\/h4>\n<\/li>\n<li>\n<h4>Los conocimientos financieros necesario, para determinar la situaci\u00f3n econ\u00f3mica de las empresas.<\/h4>\n<\/li>\n<\/ul>\n<p>[\/vc_column_text][\/vc_tta_section][vc_tta_section i_icon_fontawesome=\u00bbfa fa-check-circle\u00bb add_icon=\u00bbtrue\u00bb title=\u00bbHabilidades\u00bb tab_id=\u00bb1574700301791-cf4804dc-d874&#8243;][vc_column_text css_animation=\u00bbbounceIn\u00bb]<\/p>\n<ul>\n<li>\n<h4>Integrar equipos interdisciplinarios y multidisciplinarios relacionados con el dise\u00f1o, la implantaci\u00f3n y el mejoramiento de sistemas productivos.<\/h4>\n<\/li>\n<li>\n<h4>Dise\u00f1ar, implantar y mejorar sistemas de planeaci\u00f3n y control de producci\u00f3n de bienes y servicios.<\/h4>\n<\/li>\n<li>\n<h4>Dise\u00f1ar, implantar y mejorar sistemas y m\u00e9todos adecuados de trabajo.<\/h4>\n<\/li>\n<li>\n<h4>Formular y evaluar proyectos de inversi\u00f3n.<\/h4>\n<\/li>\n<li>\n<h4>Dise\u00f1ar, implantar y mejorar sistemas de control de calidad.<\/h4>\n<\/li>\n<li>\n<h4>Desarrollar y aplicar t\u00e9cnicas para la medici\u00f3n y evaluaci\u00f3n de la productividad.<\/h4>\n<\/li>\n<li>\n<h4>Realizar estudios de localizaci\u00f3n y distribuci\u00f3n de planta.<\/h4>\n<\/li>\n<li>\n<h4>Administrar proyectos.<\/h4>\n<\/li>\n<li>\n<h4>Aplicar t\u00e9cnicas para la administraci\u00f3n de los recursos humanos.<\/h4>\n<\/li>\n<li>\n<h4>Dise\u00f1ar, implantar y mejorar sistemas de administraci\u00f3n de materiales.<\/h4>\n<\/li>\n<li>\n<h4>Planear y realizar proyectos industriales, aplicando recursos, costos y tiempos, bas\u00e1ndose en el desarrollo de metodolog\u00edas creativas.<\/h4>\n<\/li>\n<li>\n<h4>Habilidad en el an\u00e1lisis para la ubicaci\u00f3n y optimizaci\u00f3n de plantas industriales as\u00ed como calidad de la producci\u00f3n y conservaci\u00f3n del medio ambiente.<\/h4>\n<\/li>\n<\/ul>\n<p>[\/vc_column_text][\/vc_tta_section][vc_tta_section i_icon_fontawesome=\u00bbfa fa-child\u00bb add_icon=\u00bbtrue\u00bb title=\u00bbActitudes\u00bb tab_id=\u00bb1574700499784-79fa86e3-aa3b\u00bb][vc_column_text css_animation=\u00bbbounceIn\u00bb]<\/p>\n<ul>\n<li>\n<h4>Liderazgo sustentado en el conocimiento t\u00e9cnico de la Ingenier\u00eda Industrial y la asertividad en la resoluci\u00f3n de problemas dentro de la industria.<\/h4>\n<\/li>\n<li>\n<h4>Valorar el trabajo de equipo<\/h4>\n<\/li>\n<li>\n<h4>Fomentar la comunicaci\u00f3n y aceptaci\u00f3n social<\/h4>\n<\/li>\n<li>\n<h4>Est\u00e1 abierto a los cambios tecnol\u00f3gicos<\/h4>\n<\/li>\n<li>\n<h4>Colabora en todo trabajo anexo que se requiere<\/h4>\n<\/li>\n<li>\n<h4>Hace uso de la honestidad e integridad en su medio laboral<\/h4>\n<\/li>\n<li>\n<h4>Fomenta la lealtad en la empresa o industria donde labora<\/h4>\n<\/li>\n<li>\n<h4>Comunicaci\u00f3n clara, en el tiempo y forma precisa para compartir informaci\u00f3n de car\u00e1cter t\u00e9cnico de tal manera que resulte oportuna y \u00fatil para los procesos de la gesti\u00f3n industrial.<\/h4>\n<\/li>\n<li>\n<h4>Car\u00e1cter emprendedor, atento al descubrimiento y aprovechamiento de \u00e1reas de oportunidad personales y organizacionales, sustentado en sus conocimientos y habilidades, propios de la gesti\u00f3n industrial y los sistemas de producci\u00f3n, de manufactura, de calidad y de informaci\u00f3n y administrativos<\/h4>\n<\/li>\n<li>\n<h4>Creatividad e innovaci\u00f3n para la resoluci\u00f3n de problemas y mejoramiento de procesos organizacionales, siempre con el soporte de sus conocimientos y habilidades, propios del trabajo industrial y los sistemas de producci\u00f3n, manufactura, calidad, de informaci\u00f3n y administrativos.<\/h4>\n<\/li>\n<li>\n<h4>Honestidad en sus acciones en el ejercicio de su profesi\u00f3n.<\/h4>\n<\/li>\n<li>\n<h4>Tiene visi\u00f3n integral de la cadena de suministro, desde la detecci\u00f3n de las necesidades del cliente hasta la entrega del producto o servicio.<\/h4>\n<\/li>\n<li>\n<h4>Posee una visi\u00f3n integral de la empresa, que toma en cuenta no solo la producci\u00f3n y administraci\u00f3n de la manufactura, sino tambi\u00e9n las necesidades de personal y el impacto ambiental que pueda generarse.<\/h4>\n<\/li>\n<li>\n<h4>Respeto a objetivos, las reglas establecidas, hacia los profesionales en general y la \u00e9tica de su profesi\u00f3n.<\/h4>\n<\/li>\n<\/ul>\n<p>[\/vc_column_text][\/vc_tta_section][\/vc_tta_accordion][vc_separator style=\u00bbdouble\u00bb][vc_cta h2=\u00bbDescarga el plan de estudios\u00bb h4=\u00bbTermina tus estudios universitarios en tan solo 3 a\u00f1os\u00bb color=\u00bbblack\u00bb add_button=\u00bbright\u00bb btn_title=\u00bbClic aqu\u00ed para descargar PDF\u00bb btn_style=\u00bb3d\u00bb btn_color=\u00bbprimary\u00bb btn_i_align=\u00bbright\u00bb btn_i_icon_fontawesome=\u00bbfa fa-file-pdf-o\u00bb btn_css_animation=\u00bbbounceInRight\u00bb add_icon=\u00bbleft\u00bb i_icon_fontawesome=\u00bbfa fa-chevron-circle-down\u00bb i_color=\u00bbblack\u00bb i_size=\u00bblg\u00bb css_animation=\u00bbbounceInLeft\u00bb btn_add_icon=\u00bbtrue\u00bb btn_link=\u00bburl:https%3A%2F%2Finsunte.edu.mx%2Fes%2Fwp-content%2Fuploads%2F2020%2F03%2Fing-manufactura-g.pdf|title:Ingenier%C3%ADa%20Industrial%20en%20Manufactura|target:%20_blank|\u00bb css=\u00bb.vc_custom_1584117356528{background-color: #ffca3a !important;}\u00bb]Conoce la carga de materias que llevar\u00e1s durante tu estancia en la universidad.[\/vc_cta][\/vc_column][\/vc_row][vc_row][vc_column width=\u00bb2\/3&#8243;][vc_column_text css_animation=\u00bbfadeInRight\u00bb]<\/p>\n<h2 style=\"text-align: center;\"><span style=\"color: #000080;\"> <i class=\"clock\" style=\"\" aria-hidden=\"true\"><\/i>Conoce nuestros horarios<\/span><\/h2>\n<p>[\/vc_column_text][vc_tta_tabs][vc_tta_section title=\u00bb<\/p>\n<h5>Matutino<\/h5>\n<p>\u00bb tab_id=\u00bb1574706954382-7fee809e-4d7d\u00bb][vc_column_text css_animation=\u00bbfadeInLeft\u00bb]<\/p>\n<h4>El horario matutino es de lunes a jueves de 8am a 1pm.<\/h4>\n<p>[\/vc_column_text][\/vc_tta_section][vc_tta_section title=\u00bb<\/p>\n<h5>Nocturno<\/h5>\n<p>\u00bb tab_id=\u00bb1574706954382-68186cc2-1feb\u00bb][vc_column_text css_animation=\u00bbfadeInLeft\u00bb]<\/p>\n<h4>El horario nocturno es de lunes a jueves de 6pm a 9pm.<\/h4>\n<p>[\/vc_column_text][\/vc_tta_section][vc_tta_section title=\u00bb<\/p>\n<h5>Ejecutivo Sabatino<\/h5>\n<p>\u00bb tab_id=\u00bb1574707109825-a3a021ba-7c9e\u00bb][vc_column_text css_animation=\u00bbbounceInLeft\u00bb]<\/p>\n<h4>El horario ejecutivo sabatino es solo los d\u00edas s\u00e1bado de 8am a 3pm.<\/h4>\n<p>[\/vc_column_text][\/vc_tta_section][vc_tta_section title=\u00bb<\/p>\n<h5>Ejecutivo Dominical<\/h5>\n<p>\u00bb tab_id=\u00bb1574707103474-3b69c4bf-85c9&#8243;][vc_column_text css_animation=\u00bbbounceInLeft\u00bb]<\/p>\n<h4>El horario ejecutivo dominical es solo los d\u00edas domingo de 8am a 3pm.<\/h4>\n<p>[\/vc_column_text][\/vc_tta_section][\/vc_tta_tabs][\/vc_column][vc_column width=\u00bb1\/3&#8243;][vc_column_text css_animation=\u00bbfadeInRight\u00bb]<\/p>\n<h2 style=\"text-align: center;\"><span style=\"color: #000080;\">Periodo de Inscripciones<\/span><\/h2>\n<div id=\"gtx-trans\" style=\"position: absolute; left: 75px; top: 52.0243px;\">\n<div class=\"gtx-trans-icon\"><\/div>\n<\/div>\n<p>[\/vc_column_text][vc_tta_accordion][vc_tta_section i_icon_fontawesome=\u00bbfa fa-graduation-cap\u00bb add_icon=\u00bbtrue\u00bb title=\u00bbIngreso Enero\u00bb tab_id=\u00bb1574727605682-505f83b6-8f51&#8243;][vc_column_text css_animation=\u00bblightSpeedIn\u00bb]Periodo de inscripciones de Octubre a Enero<\/p>\n<div id=\"gtx-trans\" style=\"position: absolute; left: -13px; top: 36.9896px;\">\n<div class=\"gtx-trans-icon\"><\/div>\n<\/div>\n<p>[\/vc_column_text][\/vc_tta_section][vc_tta_section i_icon_fontawesome=\u00bbfa fa-graduation-cap\u00bb add_icon=\u00bbtrue\u00bb title=\u00bbIngreso Mayo\u00bb tab_id=\u00bb1574727605682-9ab7c75a-1f84&#8243;][vc_column_text]Periodo de inscripciones de Febrero a Mayo<\/p>\n<div id=\"gtx-trans\" style=\"position: absolute; left: 379px; top: -9.78819px;\">\n<div class=\"gtx-trans-icon\"><\/div>\n<\/div>\n<p>[\/vc_column_text][\/vc_tta_section][vc_tta_section i_icon_fontawesome=\u00bbfa fa-graduation-cap\u00bb add_icon=\u00bbtrue\u00bb title=\u00bbIngreso Septiembre\u00bb tab_id=\u00bb1574727655967-78b4af64-582c\u00bb][vc_column_text]Periodo de inscripciones de Junio a Septiembre<\/p>\n<div id=\"gtx-trans\" style=\"position: absolute; left: 336px; top: -9.78819px;\">\n<div class=\"gtx-trans-icon\"><\/div>\n<\/div>\n<p>[\/vc_column_text][\/vc_tta_section][\/vc_tta_accordion][\/vc_column][\/vc_row][vc_row][vc_column width=\u00bb1\/4&#8243;]<div class=\"icon_box icon_position_top no_border\"><div class=\"icon_wrapper\"><div class=\"icon\"><i class=\"icon-plus-squared\" aria-hidden=\"true\"><\/i><\/div><\/div><div class=\"desc_wrapper\"><h4 class=\"title \">Incorporado a la SEP Federal<\/h4><\/div><\/div>\n[\/vc_column][vc_column width=\u00bb1\/4&#8243;]<div class=\"icon_box icon_position_top no_border\"><div class=\"icon_wrapper\"><div class=\"icon\"><i class=\"icon-user-line\" aria-hidden=\"true\"><\/i><\/div><\/div><div class=\"desc_wrapper\"><h4 class=\"title \">Modelo Profesional Humanista<\/h4><\/div><\/div>\n[\/vc_column][vc_column width=\u00bb1\/4&#8243;]<div class=\"icon_box icon_position_top no_border\"><div class=\"icon_wrapper\"><div class=\"icon\"><i class=\"icon-shareable\" aria-hidden=\"true\"><\/i><\/div><\/div><div class=\"desc_wrapper\"><h4 class=\"title \">Maestros con T\u00edtulo y C\u00e9dula<\/h4><\/div><\/div>\n[\/vc_column][vc_column width=\u00bb1\/4&#8243;]<div class=\"icon_box icon_position_top no_border\"><div class=\"icon_wrapper\"><div class=\"icon\"><i class=\"icon-users\" aria-hidden=\"true\"><\/i><\/div><\/div><div class=\"desc_wrapper\"><h4 class=\"title \">Convenios Institucionales<\/h4><\/div><\/div>\n[\/vc_column][\/vc_row][vc_row full_width=\u00bbstretch_row\u00bb parallax=\u00bbcontent-moving\u00bb css=\u00bb.vc_custom_1574724029563{background-image: url(https:\/\/insunte.edu.mx\/es\/wp-content\/uploads\/2019\/11\/fondo5cindy.jpg?id=168) !important;background-position: 0 0;background-repeat:epeat;}\u00bb][vc_column][vc_custom_heading text=\u00bb\u00abCambiando vidas, materializando sue\u00f1os\u00ab.\u00bb font_container=\u00bbtag:h1|text_align:center|color:%23ffffff\u00bb google_fonts=\u00bbfont_family:Cuprum%3Aregular%2Citalic%2C700%2C700italic|font_style:400%20regular%3A400%3Anormal\u00bb][vc_cta h2=\u00bb\u00a1No lo pienses m\u00e1s e inscr\u00edbete ahora!\u00bb h4=\u00bbSistema cuatrimestral\u00bb style=\u00bb3d\u00bb color=\u00bbwhite\u00bb el_width=\u00bbxl\u00bb add_button=\u00bbright\u00bb btn_title=\u00bbInscr\u00edbete Aqu\u00ed\u00bb btn_style=\u00bb3d\u00bb btn_color=\u00bbprimary\u00bb btn_size=\u00bblg\u00bb btn_align=\u00bbright\u00bb btn_i_icon_fontawesome=\u00bbfa fa-address-book-o\u00bb add_icon=\u00bbleft\u00bb i_icon_fontawesome=\u00bbfa fa-user-circle-o\u00bb i_color=\u00bbblack\u00bb css_animation=\u00bbfadeIn\u00bb btn_button_block=\u00bbtrue\u00bb btn_add_icon=\u00bbtrue\u00bb btn_link=\u00bburl:https%3A%2F%2Finsunte.edu.mx%2Fes%2Fproducto%2Finscripcion-para-universidad%2F|title:Inscripci%C3%B3n||\u00bb]Sigue creciendo y en solo 3 a\u00f1os cambia tu vida.[\/vc_cta][\/vc_column][\/vc_row]<\/p>\n<\/div>","protected":false},"excerpt":{"rendered":"<p>[vc_row][vc_column][vc_zigzag el_border_width=\u00bb8&#8243;][vc_column_text css_animation=\u00bbfadeIn\u00bb] Objetivo de la carrera Formaci\u00f3n integral de profesionales con capacidad anal\u00edtica, cr\u00edtica y creativa, capaces de dise\u00f1ar y desarrollar sistemas de manufactura encaminados<span class=\"excerpt-hellip\"> [\u2026]<\/span><\/p>\n","protected":false},"author":1,"featured_media":0,"parent":45,"menu_order":0,"comment_status":"closed","ping_status":"closed","template":"","meta":{"footnotes":""},"class_list":["post-444","page","type-page","status-publish","hentry"],"jetpack_sharing_enabled":true,"_links":{"self":[{"href":"https:\/\/insunte.edu.mx\/es\/wp-json\/wp\/v2\/pages\/444","targetHints":{"allow":["GET"]}}],"collection":[{"href":"https:\/\/insunte.edu.mx\/es\/wp-json\/wp\/v2\/pages"}],"about":[{"href":"https:\/\/insunte.edu.mx\/es\/wp-json\/wp\/v2\/types\/page"}],"author":[{"embeddable":true,"href":"https:\/\/insunte.edu.mx\/es\/wp-json\/wp\/v2\/users\/1"}],"replies":[{"embeddable":true,"href":"https:\/\/insunte.edu.mx\/es\/wp-json\/wp\/v2\/comments?post=444"}],"version-history":[{"count":5,"href":"https:\/\/insunte.edu.mx\/es\/wp-json\/wp\/v2\/pages\/444\/revisions"}],"predecessor-version":[{"id":11834,"href":"https:\/\/insunte.edu.mx\/es\/wp-json\/wp\/v2\/pages\/444\/revisions\/11834"}],"up":[{"embeddable":true,"href":"https:\/\/insunte.edu.mx\/es\/wp-json\/wp\/v2\/pages\/45"}],"wp:attachment":[{"href":"https:\/\/insunte.edu.mx\/es\/wp-json\/wp\/v2\/media?parent=444"}],"curies":[{"name":"wp","href":"https:\/\/api.w.org\/{rel}","templated":true}]}}