{"id":415,"date":"2019-11-26T20:02:24","date_gmt":"2019-11-26T20:02:24","guid":{"rendered":"https:\/\/insunte.edu.mx\/es\/?page_id=415"},"modified":"2024-04-02T17:09:27","modified_gmt":"2024-04-02T23:09:27","slug":"licenciatura-en-negocios-internacionales","status":"publish","type":"page","link":"https:\/\/insunte.edu.mx\/es\/universidad\/licenciatura-en-negocios-internacionales\/","title":{"rendered":"Licenciatura en Negocios Internacionales"},"content":{"rendered":"<div class=\"wpb-content-wrapper\"><p>[vc_row][vc_column][vc_zigzag el_border_width=\u00bb8&#8243;][vc_column_text css_animation=\u00bbfadeIn\u00bb]<\/p>\n<h2 style=\"text-align: center;\"><span style=\"color: #000080;\"><strong>Objetivo de la carrera<\/strong><\/span><\/h2>\n<h4 style=\"text-align: center;\">Formar profesionistas en Negocios Internacionales con la capacidad de integrar para operar los procesos de importaci\u00f3n y exportaci\u00f3n de las empresas y las organizaciones productivas, con orientaci\u00f3n a la direcci\u00f3n estrat\u00e9gica de negocios con el exterior.<\/h4>\n<p>[\/vc_column_text][\/vc_column][\/vc_row][vc_row][vc_column][vc_column_text css_animation=\u00bbfadeInRight\u00bb]<\/p>\n<h2 style=\"text-align: center;\"><span style=\"color: #000080;\">\u00bfQue desarrollar\u00e9 en la Licenciatura en Negocios Internacionales?<\/span><\/h2>\n<p>[\/vc_column_text][vc_tta_accordion][vc_tta_section i_icon_fontawesome=\u00bbfa fa-graduation-cap\u00bb add_icon=\u00bbtrue\u00bb title=\u00bbConocimientos\u00bb tab_id=\u00bb1574700301791-75f1196f-d127&#8243;][vc_column_text css_animation=\u00bbbounceIn\u00bb]<\/p>\n<ul>\n<li>\n<h4>Dominar los principios fundamentales de los negocios internacionales.<\/h4>\n<\/li>\n<li>\n<h4>Dominar los principios, t\u00e9cnicas y herramientas de la toma de decisiones en negocios, considerando aspectos financieros, pol\u00edticos y econ\u00f3micos, as\u00ed como la log\u00edstica necesaria para un servicio de calidad.<\/h4>\n<\/li>\n<li>\n<h4>Direcci\u00f3n de equipos de trabajo.<\/h4>\n<\/li>\n<li>\n<h4>Creaci\u00f3n y administraci\u00f3n de manera \u00f3ptima de peque\u00f1as empresas.<\/h4>\n<\/li>\n<li>\n<h4>Dominar las bases de la administraci\u00f3n de tecnolog\u00edas de informaci\u00f3n.<\/h4>\n<\/li>\n<li>\n<h4>Dominar las reglas gramaticales del ingl\u00e9s.<\/h4>\n<\/li>\n<li>\n<h4>Evaluar las condiciones para aprovechar situaciones propicias al dise\u00f1o y realizaci\u00f3n de operaciones conducentes al desarrollo comercial en los mercados regional, nacional e internacional.<\/h4>\n<\/li>\n<\/ul>\n<p>[\/vc_column_text][\/vc_tta_section][vc_tta_section i_icon_fontawesome=\u00bbfa fa-check-circle\u00bb add_icon=\u00bbtrue\u00bb title=\u00bbHabilidades\u00bb tab_id=\u00bb1574700301791-cf4804dc-d874&#8243;][vc_column_text css_animation=\u00bbbounceIn\u00bb]<\/p>\n<ul>\n<li>\n<h4>Administrar sistemas de informaci\u00f3n.<\/h4>\n<\/li>\n<li>\n<h4>Administrar las organizaciones aplicando los principios fundamentales de los negocios internacionales.<\/h4>\n<\/li>\n<li>\n<h4>Valorar el marco legal que regula los negocios internacionales, incluidas las transacciones ocurridas en o desde M\u00e9xico.<\/h4>\n<\/li>\n<li>\n<h4>Supervisar procesos de producci\u00f3n.<\/h4>\n<\/li>\n<li>\n<h4>Administrar una peque\u00f1a empresa con la posibilidad de emitir franquicias.<\/h4>\n<\/li>\n<li>\n<h4>Tomar decisiones sobre el ambiente de negocios internacionales.<\/h4>\n<\/li>\n<li>\n<h4>Aplicar las tecnolog\u00edas de informaci\u00f3n en el campo de los negocios internacionales.<\/h4>\n<\/li>\n<li>\n<h4>Dominar la habilidad de comunicaci\u00f3n del idioma ingl\u00e9s.<\/h4>\n<\/li>\n<\/ul>\n<p>[\/vc_column_text][\/vc_tta_section][vc_tta_section i_icon_fontawesome=\u00bbfa fa-child\u00bb add_icon=\u00bbtrue\u00bb title=\u00bbActitudes\u00bb tab_id=\u00bb1574700499784-79fa86e3-aa3b\u00bb][vc_column_text css_animation=\u00bbbounceIn\u00bb]<\/p>\n<ul>\n<li>\n<h4>Demostrar una excelente formaci\u00f3n profesional en su campo de especialidad, sustentada en los \u00faltimos avances del saber, que promueva el desarrollo de la profesi\u00f3n y que le permita obtener un aprendizaje continuo a lo largo de su vida.<\/h4>\n<\/li>\n<li>\n<h4>Demostrar una visi\u00f3n del sentido de su profesi\u00f3n y su urgente responsabilidad social respecto a ella.<\/h4>\n<\/li>\n<li>\n<h4>Desarrollar una visi\u00f3n realista del conocimiento y habilidades de pensamiento superior.<\/h4>\n<\/li>\n<li>\n<h4>Desarrollar unas habilidades expresivas necesarias para la vida universitaria y profesional, con un compromiso de mejora continua en la comunicaci\u00f3n y la comprensi\u00f3n.<\/h4>\n<\/li>\n<li>\n<h4>Aplicar un c\u00f3digo de \u00e9tica objetivo del ejercicio profesional y con los principios b\u00e1sicos de la doctrina social.<\/h4>\n<\/li>\n<li>\n<h4>Examinar debates morales en relaci\u00f3n al comportamiento \u00e9tico de empresas multinacionales en sus operaciones y negocios alrededor del mundo.<\/h4>\n<\/li>\n<li>\n<h4>Analizar el ambiente internacional y sus implicaciones para los negocios internacionales.<\/h4>\n<\/li>\n<li>\n<h4>Estructurar el marco global en el que se mueve la empresa mexicana.<\/h4>\n<\/li>\n<li>\n<h4>Valorar el marco legal que regula los negocios internacionales, incluidas las transacciones ocurridas en o desde M\u00e9xico.<\/h4>\n<\/li>\n<li>\n<h4>Valorar la protecci\u00f3n que brindan los contratos internacionales a las transacciones de la empresa involucrada en negocios internacionales.<\/h4>\n<\/li>\n<\/ul>\n<p>[\/vc_column_text][\/vc_tta_section][\/vc_tta_accordion][vc_separator style=\u00bbdouble\u00bb][vc_cta h2=\u00bbDescarga el plan de estudios\u00bb h4=\u00bbTermina tus estudios universitarios en tan solo 3 a\u00f1os\u00bb color=\u00bbblack\u00bb add_button=\u00bbright\u00bb btn_title=\u00bbClic aqu\u00ed para descargar PDF\u00bb btn_style=\u00bb3d\u00bb btn_color=\u00bbprimary\u00bb btn_i_align=\u00bbright\u00bb btn_i_icon_fontawesome=\u00bbfa fa-file-pdf-o\u00bb btn_css_animation=\u00bbbounceInRight\u00bb add_icon=\u00bbleft\u00bb i_icon_fontawesome=\u00bbfa fa-chevron-circle-down\u00bb i_color=\u00bbblack\u00bb i_size=\u00bblg\u00bb css_animation=\u00bbbounceInLeft\u00bb btn_add_icon=\u00bbtrue\u00bb btn_link=\u00bburl:https%3A%2F%2Finsunte.edu.mx%2Fes%2Fwp-content%2Fuploads%2F2020%2F03%2Fnegocios-g.pdf|title:Administraci%C3%B3n%20de%20Empresas|target:%20_blank|\u00bb css=\u00bb.vc_custom_1585333836954{background-color: #f2b100 !important;}\u00bb]Conoce la carga de materias que llevar\u00e1s durante tu estancia en la universidad.[\/vc_cta][\/vc_column][\/vc_row][vc_row][vc_column width=\u00bb2\/3&#8243;][vc_column_text css_animation=\u00bbfadeInRight\u00bb]<\/p>\n<h2 style=\"text-align: center;\"><span style=\"color: #000080;\"> <i class=\"clock\" style=\"\" aria-hidden=\"true\"><\/i>Conoce nuestros horarios<\/span><\/h2>\n<p>[\/vc_column_text][vc_tta_tabs][vc_tta_section title=\u00bb<\/p>\n<h5>Matutino<\/h5>\n<p>\u00bb tab_id=\u00bb1574706954382-7fee809e-4d7d\u00bb][vc_column_text css_animation=\u00bbfadeInLeft\u00bb]<\/p>\n<h4>El horario matutino es de lunes a jueves de 8am a 1pm.<\/h4>\n<p>[\/vc_column_text][\/vc_tta_section][vc_tta_section title=\u00bb<\/p>\n<h5>Nocturno<\/h5>\n<p>\u00bb tab_id=\u00bb1574706954382-68186cc2-1feb\u00bb][vc_column_text css_animation=\u00bbfadeInLeft\u00bb]<\/p>\n<h4>El horario nocturno es de lunes a jueves de 6pm a 9pm.<\/h4>\n<p>[\/vc_column_text][\/vc_tta_section][vc_tta_section title=\u00bb<\/p>\n<h5>Ejecutivo Sabatino<\/h5>\n<p>\u00bb tab_id=\u00bb1574707109825-a3a021ba-7c9e\u00bb][vc_column_text css_animation=\u00bbbounceInLeft\u00bb]<\/p>\n<h4>El horario ejecutivo sabatino es solo los d\u00edas s\u00e1bado de 8am a 3pm.<\/h4>\n<p>[\/vc_column_text][\/vc_tta_section][vc_tta_section title=\u00bb<\/p>\n<h5>Ejecutivo Dominical<\/h5>\n<p>\u00bb tab_id=\u00bb1574707103474-3b69c4bf-85c9&#8243;][vc_column_text css_animation=\u00bbbounceInLeft\u00bb]<\/p>\n<h4>El horario ejecutivo dominical es solo los d\u00edas domingo de 8am a 3pm.<\/h4>\n<p>[\/vc_column_text][\/vc_tta_section][\/vc_tta_tabs][\/vc_column][vc_column width=\u00bb1\/3&#8243;][vc_column_text css_animation=\u00bbfadeInRight\u00bb]<\/p>\n<h2 style=\"text-align: center;\"><span style=\"color: #000080;\">Periodo de Inscripciones<\/span><\/h2>\n<div id=\"gtx-trans\" style=\"position: absolute; left: 75px; top: 52.0243px;\">\n<div class=\"gtx-trans-icon\"><\/div>\n<\/div>\n<p>[\/vc_column_text][vc_tta_accordion][vc_tta_section i_icon_fontawesome=\u00bbfa fa-graduation-cap\u00bb add_icon=\u00bbtrue\u00bb title=\u00bbIngreso Enero\u00bb tab_id=\u00bb1574727605682-505f83b6-8f51&#8243;][vc_column_text css_animation=\u00bblightSpeedIn\u00bb]Periodo de inscripciones de Octubre a Enero<\/p>\n<div id=\"gtx-trans\" style=\"position: absolute; left: -13px; top: 36.9896px;\">\n<div class=\"gtx-trans-icon\"><\/div>\n<\/div>\n<p>[\/vc_column_text][\/vc_tta_section][vc_tta_section i_icon_fontawesome=\u00bbfa fa-graduation-cap\u00bb add_icon=\u00bbtrue\u00bb title=\u00bbIngreso Mayo\u00bb tab_id=\u00bb1574727605682-9ab7c75a-1f84&#8243;][vc_column_text]Periodo de inscripciones de Febrero a Mayo<\/p>\n<div id=\"gtx-trans\" style=\"position: absolute; left: 379px; top: -9.78819px;\">\n<div class=\"gtx-trans-icon\"><\/div>\n<\/div>\n<p>[\/vc_column_text][\/vc_tta_section][vc_tta_section i_icon_fontawesome=\u00bbfa fa-graduation-cap\u00bb add_icon=\u00bbtrue\u00bb title=\u00bbIngreso Septiembre\u00bb tab_id=\u00bb1574727655967-78b4af64-582c\u00bb][vc_column_text]Periodo de inscripciones de Junio a Septiembre<\/p>\n<div id=\"gtx-trans\" style=\"position: absolute; left: 336px; top: -9.78819px;\">\n<div class=\"gtx-trans-icon\"><\/div>\n<\/div>\n<p>[\/vc_column_text][\/vc_tta_section][\/vc_tta_accordion][\/vc_column][\/vc_row][vc_row][vc_column width=\u00bb1\/4&#8243;]<div class=\"icon_box icon_position_top no_border\"><div class=\"icon_wrapper\"><div class=\"icon\"><i class=\"icon-plus-squared\" aria-hidden=\"true\"><\/i><\/div><\/div><div class=\"desc_wrapper\"><h4 class=\"title \">Incorporado a la SEP Federal<\/h4><\/div><\/div>\n[\/vc_column][vc_column width=\u00bb1\/4&#8243;]<div class=\"icon_box icon_position_top no_border\"><div class=\"icon_wrapper\"><div class=\"icon\"><i class=\"icon-user-line\" aria-hidden=\"true\"><\/i><\/div><\/div><div class=\"desc_wrapper\"><h4 class=\"title \">Modelo Profesional Humanista<\/h4><\/div><\/div>\n[\/vc_column][vc_column width=\u00bb1\/4&#8243;]<div class=\"icon_box icon_position_top no_border\"><div class=\"icon_wrapper\"><div class=\"icon\"><i class=\"icon-shareable\" aria-hidden=\"true\"><\/i><\/div><\/div><div class=\"desc_wrapper\"><h4 class=\"title \">Maestros con T\u00edtulo y C\u00e9dula<\/h4><\/div><\/div>\n[\/vc_column][vc_column width=\u00bb1\/4&#8243;]<div class=\"icon_box icon_position_top no_border\"><div class=\"icon_wrapper\"><div class=\"icon\"><i class=\"icon-users\" aria-hidden=\"true\"><\/i><\/div><\/div><div class=\"desc_wrapper\"><h4 class=\"title \">Convenios Institucionales<\/h4><\/div><\/div>\n[\/vc_column][\/vc_row][vc_row full_width=\u00bbstretch_row\u00bb parallax=\u00bbcontent-moving\u00bb css=\u00bb.vc_custom_1574724029563{background-image: url(https:\/\/insunte.edu.mx\/es\/wp-content\/uploads\/2019\/11\/fondo5cindy.jpg?id=168) !important;background-position: 0 0;background-repeat:epeat;}\u00bb][vc_column][vc_custom_heading text=\u00bb\u00abCambiando vidas, materializando sue\u00f1os\u00ab.\u00bb font_container=\u00bbtag:h1|text_align:center|color:%23ffffff\u00bb google_fonts=\u00bbfont_family:Cuprum%3Aregular%2Citalic%2C700%2C700italic|font_style:400%20regular%3A400%3Anormal\u00bb][vc_cta h2=\u00bb\u00a1No lo pienses m\u00e1s e inscr\u00edbete ahora!\u00bb h4=\u00bbSistema cuatrimestral\u00bb style=\u00bb3d\u00bb color=\u00bbwhite\u00bb el_width=\u00bbxl\u00bb add_button=\u00bbright\u00bb btn_title=\u00bbInscr\u00edbete Aqu\u00ed\u00bb btn_style=\u00bb3d\u00bb btn_color=\u00bbprimary\u00bb btn_size=\u00bblg\u00bb btn_align=\u00bbright\u00bb btn_i_icon_fontawesome=\u00bbfa fa-address-book-o\u00bb add_icon=\u00bbleft\u00bb i_icon_fontawesome=\u00bbfa fa-user-circle-o\u00bb i_color=\u00bbblack\u00bb css_animation=\u00bbfadeIn\u00bb btn_button_block=\u00bbtrue\u00bb btn_add_icon=\u00bbtrue\u00bb btn_link=\u00bburl:https%3A%2F%2Finsunte.edu.mx%2Fes%2Fproducto%2Finscripcion-para-universidad%2F|||\u00bb]Sigue creciendo y en solo 3 a\u00f1os cambia tu vida.[\/vc_cta][\/vc_column][\/vc_row]<\/p>\n<\/div>","protected":false},"excerpt":{"rendered":"<p>[vc_row][vc_column][vc_zigzag el_border_width=\u00bb8&#8243;][vc_column_text css_animation=\u00bbfadeIn\u00bb] Objetivo de la carrera Formar profesionistas en Negocios Internacionales con la capacidad de integrar para operar los procesos de importaci\u00f3n y exportaci\u00f3n de<span class=\"excerpt-hellip\"> [\u2026]<\/span><\/p>\n","protected":false},"author":1,"featured_media":0,"parent":45,"menu_order":0,"comment_status":"closed","ping_status":"closed","template":"","meta":{"footnotes":""},"class_list":["post-415","page","type-page","status-publish","hentry"],"jetpack_sharing_enabled":true,"_links":{"self":[{"href":"https:\/\/insunte.edu.mx\/es\/wp-json\/wp\/v2\/pages\/415","targetHints":{"allow":["GET"]}}],"collection":[{"href":"https:\/\/insunte.edu.mx\/es\/wp-json\/wp\/v2\/pages"}],"about":[{"href":"https:\/\/insunte.edu.mx\/es\/wp-json\/wp\/v2\/types\/page"}],"author":[{"embeddable":true,"href":"https:\/\/insunte.edu.mx\/es\/wp-json\/wp\/v2\/users\/1"}],"replies":[{"embeddable":true,"href":"https:\/\/insunte.edu.mx\/es\/wp-json\/wp\/v2\/comments?post=415"}],"version-history":[{"count":5,"href":"https:\/\/insunte.edu.mx\/es\/wp-json\/wp\/v2\/pages\/415\/revisions"}],"predecessor-version":[{"id":11831,"href":"https:\/\/insunte.edu.mx\/es\/wp-json\/wp\/v2\/pages\/415\/revisions\/11831"}],"up":[{"embeddable":true,"href":"https:\/\/insunte.edu.mx\/es\/wp-json\/wp\/v2\/pages\/45"}],"wp:attachment":[{"href":"https:\/\/insunte.edu.mx\/es\/wp-json\/wp\/v2\/media?parent=415"}],"curies":[{"name":"wp","href":"https:\/\/api.w.org\/{rel}","templated":true}]}}