{"id":408,"date":"2019-11-26T19:26:55","date_gmt":"2019-11-26T19:26:55","guid":{"rendered":"https:\/\/insunte.edu.mx\/es\/?page_id=408"},"modified":"2024-04-02T17:04:29","modified_gmt":"2024-04-02T23:04:29","slug":"licenciatura-en-ciencias-de-la-comunicacion","status":"publish","type":"page","link":"https:\/\/insunte.edu.mx\/es\/universidad\/licenciatura-en-ciencias-de-la-comunicacion\/","title":{"rendered":"Licenciatura en Ciencias de la Comunicaci\u00f3n"},"content":{"rendered":"<div class=\"wpb-content-wrapper\"><p>[vc_row][vc_column][vc_zigzag el_border_width=\u00bb8&#8243;][vc_column_text css_animation=\u00bbfadeIn\u00bb]<\/p>\n<h2 style=\"text-align: center;\"><span style=\"color: #000080;\"><strong>Objetivo de la carrera<\/strong><\/span><\/h2>\n<h4 style=\"text-align: center;\">Formar profesionales capacitados para detectar, proveer y solucionar problemas inherentes a la comunicaci\u00f3n en sus diversos tipos y modalidades, aplicando adecuadamente los conocimientos te\u00f3ricos y pr\u00e1cticos adquiridos durante los estudios, a fin de transmitir informaci\u00f3n period\u00edstica, radiof\u00f3nica, televisiva y audiogr\u00e1fica.<\/h4>\n<p>[\/vc_column_text][\/vc_column][\/vc_row][vc_row][vc_column][vc_column_text css_animation=\u00bbfadeInRight\u00bb]<\/p>\n<h2 style=\"text-align: center;\"><span style=\"color: #000080;\">\u00bfQue desarrollar\u00e9 en la Licenciatura en Ciencias de la Comunicaci\u00f3n?<\/span><\/h2>\n<p>[\/vc_column_text][vc_tta_accordion][vc_tta_section i_icon_fontawesome=\u00bbfa fa-graduation-cap\u00bb add_icon=\u00bbtrue\u00bb title=\u00bbConocimientos\u00bb tab_id=\u00bb1574700301791-75f1196f-d127&#8243;][vc_column_text css_animation=\u00bbbounceIn\u00bb]<\/p>\n<ul>\n<li>\n<h4>Conocer y analizar los procesos de comunicaci\u00f3n intrapersonal, interpersonal, grupal, organizacional, masiva y cultural<\/h4>\n<\/li>\n<li>\n<h4>Las teor\u00edas y pr\u00e1cticas que justifican y soportan la producci\u00f3n de sistemas de comunicaci\u00f3n en radio, televisi\u00f3n, prensa escrita, multimedia e Internet.<\/h4>\n<\/li>\n<li>\n<h4>El manejo de la estad\u00edstica orientada a ciencias sociales, para documentar y soportar cuantitativamente y cualitativamente estudios, an\u00e1lisis e investigaciones y propuestas de proyectos.<\/h4>\n<\/li>\n<li>\n<h4>Uso de las herramientas tecnol\u00f3gicas asociadas con la ofim\u00e1tica y la comunicaci\u00f3n.<\/h4>\n<\/li>\n<li>\n<h4>Los principios que rigen la comunicaci\u00f3n organizacional, las necesidades y expectativas que debe satisfacer el flujo interno de comunicaci\u00f3n.<\/h4>\n<\/li>\n<li>\n<h4>Herramientas para la elaboraci\u00f3n de medios digitales de la informaci\u00f3n.<\/h4>\n<\/li>\n<li>\n<h4>T\u00e9cnicas de expresi\u00f3n oral y escrito que aplicar\u00e1 en \u00e1reas de medios masivos, comunicaci\u00f3n organizacional, rueda de prensa.<\/h4>\n<\/li>\n<li>\n<h4>Medios masivos de comunicaci\u00f3n y su importancia en la sociedad, as\u00ed como de su uso.<\/h4>\n<\/li>\n<li>\n<h4>Herramientas necesarias para el desarrollo del intercambio, proceso y ejecuci\u00f3n de la informaci\u00f3n<\/h4>\n<\/li>\n<li>\n<h4>Normatividad de la comunicaci\u00f3n<\/h4>\n<\/li>\n<li>\n<h4>Conocer\u00e1 su realidad social enfocado por la comunicaci\u00f3n<\/h4>\n<\/li>\n<li>\n<h4>Elementos necesarios para la elaboraci\u00f3n de proyectos.<\/h4>\n<\/li>\n<\/ul>\n<p>[\/vc_column_text][\/vc_tta_section][vc_tta_section i_icon_fontawesome=\u00bbfa fa-check-circle\u00bb add_icon=\u00bbtrue\u00bb title=\u00bbHabilidades\u00bb tab_id=\u00bb1574700301791-cf4804dc-d874&#8243;][vc_column_text css_animation=\u00bbbounceIn\u00bb]<\/p>\n<ul>\n<li>\n<h4>Identificar, ordenar e interpretar las ideas, datos y conceptos expl\u00edcitos e impl\u00edcitos de un contexto social con temas sobre pol\u00edtica, econom\u00eda, educativa, cultural y cient\u00edfica considerando el contexto en el que se gener\u00f3 y en el que se recibe la informaci\u00f3n.<\/h4>\n<\/li>\n<li>\n<h4>Producir textos con base en el uso normativo de la lengua, considerando la intenci\u00f3n y situaci\u00f3n comunicativa,<\/h4>\n<\/li>\n<li>\n<h4>Presentar un punto de vista en p\u00fablico de manera precisa, coherente y creativa. Valora y describe el papel del arte, la literatura y los medios de comunicaci\u00f3n en la recreaci\u00f3n o la transformaci\u00f3n de una cultura, teniendo en cuenta los prop\u00f3sitos comunicativos de distintos g\u00e9neros.<\/h4>\n<\/li>\n<li>\n<h4>Analizar y comparar el origen, desarrollo y diversidad de los sistemas y medios de comunicaci\u00f3n.<\/h4>\n<\/li>\n<li>\n<h4>Dise\u00f1ar, ejecutar o coordinar proyectos para el desarrollo social, proyectos audiovisuales y medios electr\u00f3nicos, impresos entre otros<\/h4>\n<\/li>\n<li>\n<h4>Ejecutar los procesos de los medios de comunicaci\u00f3n con profesionalismo que lo caracteriza<\/h4>\n<\/li>\n<li>\n<h4>Producir propuestas en los medios de comunicaci\u00f3n para la mejora del servicio a la sociedad<\/h4>\n<\/li>\n<li>\n<h4>Desarrollar el manejo de flujos de informaci\u00f3n sobre la pol\u00edtica, econom\u00eda, educativa y cient\u00edfica<\/h4>\n<\/li>\n<li>\n<h4>Manejar correctamente el lenguaje oral, escrito; para asegurar la fidelidad de los mensajes transmitidos por cualquiera de estas v\u00edas o una congruente combinaci\u00f3n de las mismas<\/h4>\n<\/li>\n<li>\n<h4>Planear y ejecutar proyectos digitales informativos<\/h4>\n<\/li>\n<li>\n<h4>Desarrollar campa\u00f1as de generaci\u00f3n de cultura organizacional como soporte a estrategias competitivas, en organizaciones productoras de bienes o prestadoras de servicios.<\/h4>\n<\/li>\n<li>\n<h4>Desarrollar conciencia de los fen\u00f3menos socioculturales de su entorno cercano y de culturas for\u00e1neas y extranjeras<\/h4>\n<\/li>\n<li>\n<h4>Planear y gestionar la aplicaci\u00f3n de recursos tecnol\u00f3gicos propios de los medios masivos de difusi\u00f3n (Radio, televisi\u00f3n y prensa escrita) para integrarlos en proyectos estrat\u00e9gicos de generaci\u00f3n de canales de comunicaci\u00f3n<\/h4>\n<\/li>\n<li>\n<h4>Planear y gestionar la aplicaci\u00f3n de recursos computacionales y telem\u00e1tico (Internet) para integrarlos en proyectos estrat\u00e9gicos de generaci\u00f3n de canales de comunicaci\u00f3n<\/h4>\n<\/li>\n<li>\n<h4>Interactuar de manera propositiva y asertiva con personas de diversas culturas, con apego al respeto a los derechos humanos y la tolerancia a la diversidad<\/h4>\n<\/li>\n<li>\n<h4>Construir la capacidad de autogestionar su desarrollo personal y profesional<\/h4>\n<\/li>\n<\/ul>\n<p>[\/vc_column_text][\/vc_tta_section][vc_tta_section i_icon_fontawesome=\u00bbfa fa-child\u00bb add_icon=\u00bbtrue\u00bb title=\u00bbActitudes\u00bb tab_id=\u00bb1574700499784-79fa86e3-aa3b\u00bb][vc_column_text css_animation=\u00bbbounceIn\u00bb]<\/p>\n<ul>\n<li>\n<h4>Revaloraci\u00f3n del rol de decodificador en los procesos de comunicaci\u00f3n que es parte en su vida diaria<\/h4>\n<\/li>\n<li>\n<h4>Ser objetivo con la informaci\u00f3n que desarrolle<\/h4>\n<\/li>\n<li>\n<h4>Ser honesto con los grupos sociales con los cuales se desenvuelve<\/h4>\n<\/li>\n<li>\n<h4>Ser prudente en la informaci\u00f3n fidedigna<\/h4>\n<\/li>\n<li>\n<h4>Lealtad a los personajes con los que ha realizado investigaci\u00f3n o entrevistas<\/h4>\n<\/li>\n<li>\n<h4>Liderazgo sustentado en el conocimiento t\u00e9cnico y la asertividad en la resoluci\u00f3n de problemas dentro del enfoque comunic\u00f3logo<\/h4>\n<\/li>\n<li>\n<h4>Car\u00e1cter emprendedor, atento al descubrimiento y aprovechamiento de \u00e1reas de oportunidad personales y organizacionales, sustentado en sus conocimiento y habilidades, propios de la gesti\u00f3n comunicativa en los campos organizacionales, medi\u00e1tico y social<\/h4>\n<\/li>\n<li>\n<h4>Creatividad e innovaci\u00f3n para la resoluci\u00f3n de problemas y mejoramiento de procesos, siempre con el soporte de sus conocimientos y habilidades, propios de la gesti\u00f3n de la comunicaci\u00f3n como factor de crecimiento y desarrollo de personas, organizaciones y comunidades<\/h4>\n<\/li>\n<li>\n<h4>Respeto a la verdad y la veracidad, en el su ejercicio como generador y moderador de flujos de informaci\u00f3n<\/h4>\n<\/li>\n<li>\n<h4>Respeto a la intimidad y confidencialidad de personas y organizaciones, en el ejercicio del an\u00e1lisis, estudio e investigaci\u00f3n de informaci\u00f3n propia de personas y organizaciones<\/h4>\n<\/li>\n<li>\n<h4>Honestidad en sus acciones en el ejercicio de su profesi\u00f3n como comunic\u00f3logo<\/h4>\n<\/li>\n<li>\n<h4>Respeto a objetivos, pol\u00edticas y procedimientos establecidos; hacia los profesionales en General y la \u00e9tica de su profesi\u00f3n<\/h4>\n<\/li>\n<li>\n<h4>Veracidad y honestidad en sus aportaciones, trabajo y compa\u00f1erismo profesional.<\/h4>\n<\/li>\n<\/ul>\n<p>[\/vc_column_text][\/vc_tta_section][\/vc_tta_accordion][vc_separator style=\u00bbdouble\u00bb][vc_cta h2=\u00bbDescarga el plan de estudios\u00bb h4=\u00bbTermina tus estudios universitarios en tan solo 3 a\u00f1os\u00bb color=\u00bbblack\u00bb add_button=\u00bbright\u00bb btn_title=\u00bbClic aqu\u00ed para descargar PDF\u00bb btn_style=\u00bb3d\u00bb btn_color=\u00bbprimary\u00bb btn_i_align=\u00bbright\u00bb btn_i_icon_fontawesome=\u00bbfa fa-file-pdf-o\u00bb btn_css_animation=\u00bbbounceInRight\u00bb add_icon=\u00bbleft\u00bb i_icon_fontawesome=\u00bbfa fa-chevron-circle-down\u00bb i_color=\u00bbblack\u00bb i_size=\u00bblg\u00bb css_animation=\u00bbbounceInLeft\u00bb btn_add_icon=\u00bbtrue\u00bb btn_link=\u00bburl:https%3A%2F%2Finsunte.edu.mx%2Fes%2Fwp-content%2Fuploads%2F2020%2F03%2Fcomunicacion-g.pdf|title:Ciencias%20de%20la%20Comunicaci%C3%B3n|target:%20_blank|\u00bb css=\u00bb.vc_custom_1584117924888{background-color: #ffbd0a !important;}\u00bb]Conoce la carga de materias que llevar\u00e1s durante tu estancia en la universidad.[\/vc_cta][\/vc_column][\/vc_row][vc_row][vc_column width=\u00bb2\/3&#8243;][vc_column_text css_animation=\u00bbfadeInRight\u00bb]<\/p>\n<h2 style=\"text-align: center;\"><span style=\"color: #000080;\"> <i class=\"clock\" style=\"\" aria-hidden=\"true\"><\/i>Conoce nuestros horarios<\/span><\/h2>\n<div id=\"gtx-trans\" style=\"position: absolute; left: 183px; top: -4.75347px;\">\n<div class=\"gtx-trans-icon\"><\/div>\n<\/div>\n<p>[\/vc_column_text][vc_tta_tabs][vc_tta_section title=\u00bb<\/p>\n<h5>Matutino<\/h5>\n<p>\u00bb tab_id=\u00bb1574706954382-7fee809e-4d7d\u00bb][vc_column_text css_animation=\u00bbfadeInLeft\u00bb]<\/p>\n<h4>El horario matutino es de lunes a jueves de 8am a 1pm.<\/h4>\n<p>[\/vc_column_text][\/vc_tta_section][vc_tta_section title=\u00bb<\/p>\n<h5>Nocturno<\/h5>\n<p>\u00bb tab_id=\u00bb1574706954382-68186cc2-1feb\u00bb][vc_column_text css_animation=\u00bbfadeInLeft\u00bb]<\/p>\n<h4>El horario nocturno es de lunes a jueves de 6pm a 9pm.<\/h4>\n<p>[\/vc_column_text][\/vc_tta_section][vc_tta_section title=\u00bb<\/p>\n<h5>Ejecutivo Sabatino<\/h5>\n<p>\u00bb tab_id=\u00bb1574707109825-a3a021ba-7c9e\u00bb][vc_column_text css_animation=\u00bbbounceInLeft\u00bb]<\/p>\n<h4>El horario ejecutivo sabatino es solo los d\u00edas s\u00e1bado de 8am a 3pm.<\/h4>\n<p>[\/vc_column_text][\/vc_tta_section][vc_tta_section title=\u00bb<\/p>\n<h5>Ejecutivo Dominical<\/h5>\n<p>\u00bb tab_id=\u00bb1574707103474-3b69c4bf-85c9&#8243;][vc_column_text css_animation=\u00bbbounceInLeft\u00bb]<\/p>\n<h4>El horario ejecutivo dominical es solo los d\u00edas domingo de 8am a 3pm.<\/h4>\n<p>[\/vc_column_text][\/vc_tta_section][\/vc_tta_tabs][\/vc_column][vc_column width=\u00bb1\/3&#8243;][vc_column_text css_animation=\u00bbfadeInRight\u00bb]<\/p>\n<h2 style=\"text-align: center;\"><span style=\"color: #000080;\">Periodo de Inscripciones<\/span><\/h2>\n<div id=\"gtx-trans\" style=\"position: absolute; left: 75px; top: 52.0243px;\">\n<div class=\"gtx-trans-icon\"><\/div>\n<\/div>\n<p>[\/vc_column_text][vc_tta_accordion][vc_tta_section i_icon_fontawesome=\u00bbfa fa-graduation-cap\u00bb add_icon=\u00bbtrue\u00bb title=\u00bbIngreso Enero\u00bb tab_id=\u00bb1574727605682-505f83b6-8f51&#8243;][vc_column_text css_animation=\u00bblightSpeedIn\u00bb]Periodo de inscripciones de Octubre a Enero<\/p>\n<div id=\"gtx-trans\" style=\"position: absolute; left: -13px; top: 36.9896px;\">\n<div class=\"gtx-trans-icon\"><\/div>\n<\/div>\n<p>[\/vc_column_text][\/vc_tta_section][vc_tta_section i_icon_fontawesome=\u00bbfa fa-graduation-cap\u00bb add_icon=\u00bbtrue\u00bb title=\u00bbIngreso Mayo\u00bb tab_id=\u00bb1574727605682-9ab7c75a-1f84&#8243;][vc_column_text]Periodo de inscripciones de Febrero a Mayo<\/p>\n<div id=\"gtx-trans\" style=\"position: absolute; left: 379px; top: -9.78819px;\">\n<div class=\"gtx-trans-icon\"><\/div>\n<\/div>\n<p>[\/vc_column_text][\/vc_tta_section][vc_tta_section i_icon_fontawesome=\u00bbfa fa-graduation-cap\u00bb add_icon=\u00bbtrue\u00bb title=\u00bbIngreso Septiembre\u00bb tab_id=\u00bb1574727655967-78b4af64-582c\u00bb][vc_column_text]Periodo de inscripciones de Junio a Septiembre<\/p>\n<div id=\"gtx-trans\" style=\"position: absolute; left: 336px; top: -9.78819px;\">\n<div class=\"gtx-trans-icon\"><\/div>\n<\/div>\n<p>[\/vc_column_text][\/vc_tta_section][\/vc_tta_accordion][\/vc_column][\/vc_row][vc_row][vc_column width=\u00bb1\/4&#8243;]<div class=\"icon_box icon_position_top no_border\"><div class=\"icon_wrapper\"><div class=\"icon\"><i class=\"icon-plus-squared\" aria-hidden=\"true\"><\/i><\/div><\/div><div class=\"desc_wrapper\"><h4 class=\"title \">Incorporado a la SEP Federal<\/h4><\/div><\/div>\n[\/vc_column][vc_column width=\u00bb1\/4&#8243;]<div class=\"icon_box icon_position_top no_border\"><div class=\"icon_wrapper\"><div class=\"icon\"><i class=\"icon-user-line\" aria-hidden=\"true\"><\/i><\/div><\/div><div class=\"desc_wrapper\"><h4 class=\"title \">Modelo Profesional Humanista<\/h4><\/div><\/div>\n[\/vc_column][vc_column width=\u00bb1\/4&#8243;]<div class=\"icon_box icon_position_top no_border\"><div class=\"icon_wrapper\"><div class=\"icon\"><i class=\"icon-shareable\" aria-hidden=\"true\"><\/i><\/div><\/div><div class=\"desc_wrapper\"><h4 class=\"title \">Maestros con T\u00edtulo y C\u00e9dula<\/h4><\/div><\/div>\n[\/vc_column][vc_column width=\u00bb1\/4&#8243;]<div class=\"icon_box icon_position_top no_border\"><div class=\"icon_wrapper\"><div class=\"icon\"><i class=\"icon-users\" aria-hidden=\"true\"><\/i><\/div><\/div><div class=\"desc_wrapper\"><h4 class=\"title \">Convenios Institucionales<\/h4><\/div><\/div>\n[\/vc_column][\/vc_row][vc_row full_width=\u00bbstretch_row\u00bb parallax=\u00bbcontent-moving\u00bb css=\u00bb.vc_custom_1574724029563{background-image: url(https:\/\/insunte.edu.mx\/es\/wp-content\/uploads\/2019\/11\/fondo5cindy.jpg?id=168) !important;background-position: 0 0;background-repeat:epeat;}\u00bb][vc_column][vc_custom_heading text=\u00bb\u00abCambiando vidas, materializando sue\u00f1os\u00ab.\u00bb font_container=\u00bbtag:h1|text_align:center|color:%23ffffff\u00bb google_fonts=\u00bbfont_family:Cuprum%3Aregular%2Citalic%2C700%2C700italic|font_style:400%20regular%3A400%3Anormal\u00bb][vc_cta h2=\u00bb\u00a1No lo pienses m\u00e1s e inscr\u00edbete ahora!\u00bb h4=\u00bbSistema cuatrimestral\u00bb style=\u00bb3d\u00bb color=\u00bbwhite\u00bb el_width=\u00bbxl\u00bb add_button=\u00bbright\u00bb btn_title=\u00bbInscr\u00edbete Aqu\u00ed\u00bb btn_style=\u00bb3d\u00bb btn_color=\u00bbprimary\u00bb btn_size=\u00bblg\u00bb btn_align=\u00bbright\u00bb btn_i_icon_fontawesome=\u00bbfa fa-address-book-o\u00bb add_icon=\u00bbleft\u00bb i_icon_fontawesome=\u00bbfa fa-user-circle-o\u00bb i_color=\u00bbblack\u00bb css_animation=\u00bbfadeIn\u00bb btn_button_block=\u00bbtrue\u00bb btn_add_icon=\u00bbtrue\u00bb btn_link=\u00bburl:https%3A%2F%2Finsunte.edu.mx%2Fes%2Fproducto%2Finscripcion-para-universidad%2F|||\u00bb]Sigue creciendo y en solo 3 a\u00f1os cambia tu vida.[\/vc_cta][\/vc_column][\/vc_row]<\/p>\n<\/div>","protected":false},"excerpt":{"rendered":"<p>[vc_row][vc_column][vc_zigzag el_border_width=\u00bb8&#8243;][vc_column_text css_animation=\u00bbfadeIn\u00bb] Objetivo de la carrera Formar profesionales capacitados para detectar, proveer y solucionar problemas inherentes a la comunicaci\u00f3n en sus diversos tipos y modalidades,<span class=\"excerpt-hellip\"> [\u2026]<\/span><\/p>\n","protected":false},"author":1,"featured_media":0,"parent":45,"menu_order":0,"comment_status":"closed","ping_status":"closed","template":"","meta":{"footnotes":""},"class_list":["post-408","page","type-page","status-publish","hentry"],"jetpack_sharing_enabled":true,"_links":{"self":[{"href":"https:\/\/insunte.edu.mx\/es\/wp-json\/wp\/v2\/pages\/408","targetHints":{"allow":["GET"]}}],"collection":[{"href":"https:\/\/insunte.edu.mx\/es\/wp-json\/wp\/v2\/pages"}],"about":[{"href":"https:\/\/insunte.edu.mx\/es\/wp-json\/wp\/v2\/types\/page"}],"author":[{"embeddable":true,"href":"https:\/\/insunte.edu.mx\/es\/wp-json\/wp\/v2\/users\/1"}],"replies":[{"embeddable":true,"href":"https:\/\/insunte.edu.mx\/es\/wp-json\/wp\/v2\/comments?post=408"}],"version-history":[{"count":5,"href":"https:\/\/insunte.edu.mx\/es\/wp-json\/wp\/v2\/pages\/408\/revisions"}],"predecessor-version":[{"id":11827,"href":"https:\/\/insunte.edu.mx\/es\/wp-json\/wp\/v2\/pages\/408\/revisions\/11827"}],"up":[{"embeddable":true,"href":"https:\/\/insunte.edu.mx\/es\/wp-json\/wp\/v2\/pages\/45"}],"wp:attachment":[{"href":"https:\/\/insunte.edu.mx\/es\/wp-json\/wp\/v2\/media?parent=408"}],"curies":[{"name":"wp","href":"https:\/\/api.w.org\/{rel}","templated":true}]}}