{"id":403,"date":"2019-11-26T19:02:25","date_gmt":"2019-11-26T19:02:25","guid":{"rendered":"https:\/\/insunte.edu.mx\/es\/?page_id=403"},"modified":"2024-04-02T17:05:23","modified_gmt":"2024-04-02T23:05:23","slug":"licenciatura-en-contaduria-publica","status":"publish","type":"page","link":"https:\/\/insunte.edu.mx\/es\/universidad\/licenciatura-en-contaduria-publica\/","title":{"rendered":"Licenciatura en Contadur\u00eda P\u00fablica"},"content":{"rendered":"<div class=\"wpb-content-wrapper\"><p>[vc_row][vc_column][vc_zigzag el_border_width=\u00bb8&#8243;][vc_column_text css_animation=\u00bbfadeIn\u00bb]<\/p>\n<h2 style=\"text-align: center;\"><span style=\"color: #000080;\"><strong>Objetivo de la carrera<\/strong><\/span><\/h2>\n<h4 style=\"text-align: center;\">Formar profesionistas en Contadur\u00eda P\u00fablicas, dotados de calidad t\u00e9cnica y humana para que dominen las t\u00e9cnicas, los procedimientos para procesar y administrar la informaci\u00f3n financiera, as\u00ed como su an\u00e1lisis e interpretaci\u00f3n y usos en la planeaci\u00f3n para la toma de decisiones financieras, administrativas y fiscales.<\/h4>\n<p>[\/vc_column_text][\/vc_column][\/vc_row][vc_row][vc_column][vc_column_text css_animation=\u00bbfadeInRight\u00bb]<\/p>\n<h2 style=\"text-align: center;\"><span style=\"color: #000080;\">\u00bfQue desarrollar\u00e9 en la Licenciatura en Contadur\u00eda P\u00fablica?<\/span><\/h2>\n<p>[\/vc_column_text][vc_tta_accordion][vc_tta_section i_icon_fontawesome=\u00bbfa fa-graduation-cap\u00bb add_icon=\u00bbtrue\u00bb title=\u00bbConocimientos\u00bb tab_id=\u00bb1574700301791-75f1196f-d127&#8243;][vc_column_text css_animation=\u00bbbounceIn\u00bb]<\/p>\n<ul>\n<li>\n<h4>Comprender y aplicar las bases del conocimiento contable como son: las etapas de proceso contable, el manejo de costos y presupuestos y la interpretaci\u00f3n de estados financieros que reflejan la operaci\u00f3n cuantificable de personas f\u00edsicas y morales.<\/h4>\n<\/li>\n<li>\n<h4>Comprender y aplicar las reglas y procedimientos de la auditoria interna, externa y operacional, el control interno y el manejo de la contralor\u00eda.<\/h4>\n<\/li>\n<li>\n<h4>Comprender los fundamentos de la calidad y su aplicaci\u00f3n para el mejoramiento de la productividad y la competitividad.<\/h4>\n<\/li>\n<li>\n<h4>Conocer los principios cient\u00edficos de la econom\u00eda y su influencia en el desarrollo de la empresa.<\/h4>\n<\/li>\n<li>\n<h4>Comprender y aplicar los principios de matem\u00e1ticas y estad\u00edstica que intervienen en la soluci\u00f3n cuantitativa de problemas y el sustento de la toma de decisiones.<\/h4>\n<\/li>\n<li>\n<h4>Comprender y aplicar las metodolog\u00edas de formulaci\u00f3n y evaluaci\u00f3n de proyectos de inversi\u00f3n.<\/h4>\n<\/li>\n<li>\n<h4>Comprender los principios del derecho que sustentan el cumplimiento de las obligaciones fiscales y legales de personas f\u00edsicas y morales.<\/h4>\n<\/li>\n<li>\n<h4>Conocer la metodolog\u00eda de la investigaci\u00f3n como herramienta cient\u00edfica en la b\u00fasqueda de soluciones optimas a conflictos de car\u00e1cter t\u00e9cnico.<\/h4>\n<\/li>\n<li>\n<h4>Comprender y aplicar el proceso administrativo y las t\u00e9cnicas de planeaci\u00f3n estrat\u00e9gica para la conducci\u00f3n de sistemas operativos y productivos.<\/h4>\n<\/li>\n<li>\n<h4>Comprender y aplicar t\u00e9cnicas de administraci\u00f3n de los recursos humanos.<\/h4>\n<\/li>\n<li>\n<h4>Comprender los aspectos de negociaci\u00f3n impl\u00edcitos en el derecho laboral.<\/h4>\n<\/li>\n<\/ul>\n<p>[\/vc_column_text][\/vc_tta_section][vc_tta_section i_icon_fontawesome=\u00bbfa fa-check-circle\u00bb add_icon=\u00bbtrue\u00bb title=\u00bbHabilidades\u00bb tab_id=\u00bb1574700301791-cf4804dc-d874&#8243;][vc_column_text css_animation=\u00bbbounceIn\u00bb]<\/p>\n<ul>\n<li>\n<h4>Dise\u00f1ar, implementar y operar sistemas y procedimientos para la administraci\u00f3n de informaci\u00f3n financiera que resulten congruentes con las necesidades y expectativas de personas f\u00edsicas y morales.<\/h4>\n<\/li>\n<li>\n<h4>Desarrollar la evaluaci\u00f3n de los aspectos cualitativos que forman parte de la auditoria de estados financieros y del sistema de control interno de empresas o instituciones.<\/h4>\n<\/li>\n<li>\n<h4>Analizar y corregir las deficiencias de sistemas y procedimientos establecidos para mejorar su operaci\u00f3n.<\/h4>\n<\/li>\n<li>\n<h4>Apoyar el proceso administrativo aportando informaci\u00f3n confiable para la planeaci\u00f3n y la toma de decisiones.<\/h4>\n<\/li>\n<li>\n<h4>Analizar e interpretar las leyes tributarias para conducir al cumplimiento de las obligaciones fiscales, y la responsabilidad legal de las personas f\u00edsicas y morales.<\/h4>\n<\/li>\n<li>\n<h4>Utilizar los recursos de la inform\u00e1tica y computaci\u00f3n para la preparaci\u00f3n, an\u00e1lisis y procesamiento de la informaci\u00f3n financiera.<\/h4>\n<\/li>\n<li>\n<h4>Usar el lenguaje oral y escrito como un medio eficaz de expresi\u00f3n, tanto en espa\u00f1ol como en un idioma extranjero.<\/h4>\n<\/li>\n<\/ul>\n<p>[\/vc_column_text][\/vc_tta_section][vc_tta_section i_icon_fontawesome=\u00bbfa fa-child\u00bb add_icon=\u00bbtrue\u00bb title=\u00bbActitudes\u00bb tab_id=\u00bb1574700499784-79fa86e3-aa3b\u00bb][vc_column_text css_animation=\u00bbbounceIn\u00bb]<\/p>\n<ul>\n<li>\n<h4>Ser, en su desarrollo profesional, anal\u00edtico, cr\u00edtico, objetivo, reflexivo, responsable, creativo, propositivo, emprendedor, abierto a diferentes alternativas y en consecuencia, autoridad profesional en el campo de la ciencia contable.<\/h4>\n<\/li>\n<li>\n<h4>Producir riqueza intelectual y material con una actitud de servicio que lo lleve a contribuir al mejoramiento de la sociedad.<\/h4>\n<\/li>\n<li>\n<h4>Actuar \u00e9tica y responsablemente en su desempe\u00f1o profesional a partir de un conjunto de valores y la conciencia de que sus actividades contables y decisiones tienen consecuencias en raz\u00f3n de la importancia de los asuntos que le son encomendados y las repercusiones de sus acciones y omisiones.<\/h4>\n<\/li>\n<li>\n<h4>Muestra una actitud positiva y creativa, con esp\u00edritu investigativo y anal\u00edtica del entorno global, que le permite solucionar problemas y maximizar recursos.<\/h4>\n<\/li>\n<li>\n<h4>Comprende e interpreta las repercusiones en la profesi\u00f3n, de las normas internacionales en \u00e1reas como: Contabilidad, Auditoria, Impuestos, Ecolog\u00eda, etc.<\/h4>\n<\/li>\n<\/ul>\n<p>[\/vc_column_text][\/vc_tta_section][\/vc_tta_accordion][vc_separator style=\u00bbdouble\u00bb][vc_cta h2=\u00bbDescarga el plan de estudios\u00bb h4=\u00bbTermina tus estudios universitarios en tan solo 3 a\u00f1os\u00bb color=\u00bbblack\u00bb add_button=\u00bbright\u00bb btn_title=\u00bbClic aqu\u00ed para descargar PDF\u00bb btn_style=\u00bb3d\u00bb btn_color=\u00bbprimary\u00bb btn_i_align=\u00bbright\u00bb btn_i_icon_fontawesome=\u00bbfa fa-file-pdf-o\u00bb btn_css_animation=\u00bbbounceInRight\u00bb add_icon=\u00bbleft\u00bb i_icon_fontawesome=\u00bbfa fa-chevron-circle-down\u00bb i_color=\u00bbblack\u00bb i_size=\u00bblg\u00bb css_animation=\u00bbbounceInLeft\u00bb btn_add_icon=\u00bbtrue\u00bb btn_link=\u00bburl:https%3A%2F%2Finsunte.edu.mx%2Fes%2Fwp-content%2Fuploads%2F2020%2F03%2Fconta-g.pdf|title:Contadur%C3%ADa%20P%C3%BAblica|target:%20_blank|\u00bb css=\u00bb.vc_custom_1585330842777{background-color: #ffbb00 !important;}\u00bb]Conoce la carga de materias que llevar\u00e1s durante tu estancia en la universidad.<\/p>\n<div id=\"gtx-trans\" style=\"position: absolute; left: -43px; top: -9.78819px;\">\n<div class=\"gtx-trans-icon\"><\/div>\n<\/div>\n<p>[\/vc_cta][\/vc_column][\/vc_row][vc_row][vc_column width=\u00bb2\/3&#8243;][vc_column_text css_animation=\u00bbfadeInRight\u00bb]<\/p>\n<h2 style=\"text-align: center;\"><span style=\"color: #000080;\"> <i class=\"clock\" style=\"\" aria-hidden=\"true\"><\/i>Conoce nuestros horarios<\/span><\/h2>\n<div id=\"gtx-trans\" style=\"position: absolute; left: 183px; top: -4.75347px;\">\n<div class=\"gtx-trans-icon\"><\/div>\n<\/div>\n<p>[\/vc_column_text][vc_tta_tabs][vc_tta_section title=\u00bb<\/p>\n<h5>Matutino<\/h5>\n<p>\u00bb tab_id=\u00bb1574706954382-7fee809e-4d7d\u00bb][vc_column_text css_animation=\u00bbfadeInLeft\u00bb]<\/p>\n<h4>El horario matutino es de lunes a jueves de 8am a 1pm.<\/h4>\n<p>[\/vc_column_text][\/vc_tta_section][vc_tta_section title=\u00bb<\/p>\n<h5>Nocturno<\/h5>\n<p>\u00bb tab_id=\u00bb1574706954382-68186cc2-1feb\u00bb][vc_column_text css_animation=\u00bbfadeInLeft\u00bb]<\/p>\n<h4>El horario nocturno es de lunes a jueves de 6pm a 9pm.<\/h4>\n<p>[\/vc_column_text][\/vc_tta_section][vc_tta_section title=\u00bb<\/p>\n<h5>Ejecutivo Sabatino<\/h5>\n<p>\u00bb tab_id=\u00bb1574707109825-a3a021ba-7c9e\u00bb][vc_column_text css_animation=\u00bbbounceInLeft\u00bb]<\/p>\n<h4>El horario ejecutivo sabatino es solo los d\u00edas s\u00e1bado de 8am a 3pm.<\/h4>\n<p>[\/vc_column_text][\/vc_tta_section][vc_tta_section title=\u00bb<\/p>\n<h5>Ejecutivo Dominical<\/h5>\n<p>\u00bb tab_id=\u00bb1574707103474-3b69c4bf-85c9&#8243;][vc_column_text css_animation=\u00bbbounceInLeft\u00bb]<\/p>\n<h4>El horario ejecutivo dominical es solo los d\u00edas domingo de 8am a 3pm.<\/h4>\n<p>[\/vc_column_text][\/vc_tta_section][\/vc_tta_tabs][\/vc_column][vc_column width=\u00bb1\/3&#8243;][vc_column_text css_animation=\u00bbfadeInRight\u00bb]<\/p>\n<h2 style=\"text-align: center;\"><span style=\"color: #000080;\">Periodo de Inscripciones<\/span><\/h2>\n<div id=\"gtx-trans\" style=\"position: absolute; left: 75px; top: 52.0243px;\">\n<div class=\"gtx-trans-icon\"><\/div>\n<\/div>\n<p>[\/vc_column_text][vc_tta_accordion][vc_tta_section i_icon_fontawesome=\u00bbfa fa-graduation-cap\u00bb add_icon=\u00bbtrue\u00bb title=\u00bbIngreso Enero\u00bb tab_id=\u00bb1574727605682-505f83b6-8f51&#8243;][vc_column_text css_animation=\u00bblightSpeedIn\u00bb]Periodo de inscripciones de Octubre a Enero<\/p>\n<div id=\"gtx-trans\" style=\"position: absolute; left: -13px; top: 36.9896px;\">\n<div class=\"gtx-trans-icon\"><\/div>\n<\/div>\n<p>[\/vc_column_text][\/vc_tta_section][vc_tta_section i_icon_fontawesome=\u00bbfa fa-graduation-cap\u00bb add_icon=\u00bbtrue\u00bb title=\u00bbIngreso Mayo\u00bb tab_id=\u00bb1574727605682-9ab7c75a-1f84&#8243;][vc_column_text]Periodo de inscripciones de Febrero a Mayo<\/p>\n<div id=\"gtx-trans\" style=\"position: absolute; left: 379px; top: -9.78819px;\">\n<div class=\"gtx-trans-icon\"><\/div>\n<\/div>\n<p>[\/vc_column_text][\/vc_tta_section][vc_tta_section i_icon_fontawesome=\u00bbfa fa-graduation-cap\u00bb add_icon=\u00bbtrue\u00bb title=\u00bbIngreso Septiembre\u00bb tab_id=\u00bb1574727655967-78b4af64-582c\u00bb][vc_column_text]Periodo de inscripciones de Junio a Septiembre<\/p>\n<div id=\"gtx-trans\" style=\"position: absolute; left: 336px; top: -9.78819px;\">\n<div class=\"gtx-trans-icon\"><\/div>\n<\/div>\n<p>[\/vc_column_text][\/vc_tta_section][\/vc_tta_accordion][\/vc_column][\/vc_row][vc_row][vc_column width=\u00bb1\/4&#8243;]<div class=\"icon_box icon_position_top no_border\"><div class=\"icon_wrapper\"><div class=\"icon\"><i class=\"icon-plus-squared\" aria-hidden=\"true\"><\/i><\/div><\/div><div class=\"desc_wrapper\"><h4 class=\"title \">Incorporado a la SEP Federal<\/h4><\/div><\/div>\n[\/vc_column][vc_column width=\u00bb1\/4&#8243;]<div class=\"icon_box icon_position_top no_border\"><div class=\"icon_wrapper\"><div class=\"icon\"><i class=\"icon-user-line\" aria-hidden=\"true\"><\/i><\/div><\/div><div class=\"desc_wrapper\"><h4 class=\"title \">Modelo Profesional Humanista<\/h4><\/div><\/div>\n[\/vc_column][vc_column width=\u00bb1\/4&#8243;]<div class=\"icon_box icon_position_top no_border\"><div class=\"icon_wrapper\"><div class=\"icon\"><i class=\"icon-shareable\" aria-hidden=\"true\"><\/i><\/div><\/div><div class=\"desc_wrapper\"><h4 class=\"title \">Maestros con T\u00edtulo y C\u00e9dula<\/h4><\/div><\/div>\n[\/vc_column][vc_column width=\u00bb1\/4&#8243;]<div class=\"icon_box icon_position_top no_border\"><div class=\"icon_wrapper\"><div class=\"icon\"><i class=\"icon-users\" aria-hidden=\"true\"><\/i><\/div><\/div><div class=\"desc_wrapper\"><h4 class=\"title \">Convenios Institucionales<\/h4><\/div><\/div>\n[\/vc_column][\/vc_row][vc_row full_width=\u00bbstretch_row\u00bb parallax=\u00bbcontent-moving\u00bb css=\u00bb.vc_custom_1574724029563{background-image: url(https:\/\/insunte.edu.mx\/es\/wp-content\/uploads\/2019\/11\/fondo5cindy.jpg?id=168) !important;background-position: 0 0;background-repeat:epeat;}\u00bb][vc_column][vc_custom_heading text=\u00bb\u00abCambiando vidas, materializando sue\u00f1os\u00ab.\u00bb font_container=\u00bbtag:h1|text_align:center|color:%23ffffff\u00bb google_fonts=\u00bbfont_family:Cuprum%3Aregular%2Citalic%2C700%2C700italic|font_style:400%20regular%3A400%3Anormal\u00bb][vc_cta h2=\u00bb\u00a1No lo pienses m\u00e1s e inscr\u00edbete ahora!\u00bb h4=\u00bbSistema cuatrimestral\u00bb style=\u00bb3d\u00bb color=\u00bbwhite\u00bb el_width=\u00bbxl\u00bb add_button=\u00bbright\u00bb btn_title=\u00bbInscr\u00edbete Aqu\u00ed\u00bb btn_style=\u00bb3d\u00bb btn_color=\u00bbprimary\u00bb btn_size=\u00bblg\u00bb btn_align=\u00bbright\u00bb btn_i_icon_fontawesome=\u00bbfa fa-address-book-o\u00bb add_icon=\u00bbleft\u00bb i_icon_fontawesome=\u00bbfa fa-user-circle-o\u00bb i_color=\u00bbblack\u00bb css_animation=\u00bbfadeIn\u00bb btn_button_block=\u00bbtrue\u00bb btn_add_icon=\u00bbtrue\u00bb btn_link=\u00bburl:https%3A%2F%2Finsunte.edu.mx%2Fes%2Fproducto%2Finscripcion-para-universidad%2F|||\u00bb]Sigue creciendo y en solo 3 a\u00f1os cambia tu vida.[\/vc_cta][\/vc_column][\/vc_row]<\/p>\n<\/div>","protected":false},"excerpt":{"rendered":"<p>[vc_row][vc_column][vc_zigzag el_border_width=\u00bb8&#8243;][vc_column_text css_animation=\u00bbfadeIn\u00bb] Objetivo de la carrera Formar profesionistas en Contadur\u00eda P\u00fablicas, dotados de calidad t\u00e9cnica y humana para que dominen las t\u00e9cnicas, los procedimientos para<span class=\"excerpt-hellip\"> [\u2026]<\/span><\/p>\n","protected":false},"author":1,"featured_media":0,"parent":45,"menu_order":0,"comment_status":"closed","ping_status":"closed","template":"","meta":{"footnotes":""},"class_list":["post-403","page","type-page","status-publish","hentry"],"jetpack_sharing_enabled":true,"_links":{"self":[{"href":"https:\/\/insunte.edu.mx\/es\/wp-json\/wp\/v2\/pages\/403","targetHints":{"allow":["GET"]}}],"collection":[{"href":"https:\/\/insunte.edu.mx\/es\/wp-json\/wp\/v2\/pages"}],"about":[{"href":"https:\/\/insunte.edu.mx\/es\/wp-json\/wp\/v2\/types\/page"}],"author":[{"embeddable":true,"href":"https:\/\/insunte.edu.mx\/es\/wp-json\/wp\/v2\/users\/1"}],"replies":[{"embeddable":true,"href":"https:\/\/insunte.edu.mx\/es\/wp-json\/wp\/v2\/comments?post=403"}],"version-history":[{"count":5,"href":"https:\/\/insunte.edu.mx\/es\/wp-json\/wp\/v2\/pages\/403\/revisions"}],"predecessor-version":[{"id":11828,"href":"https:\/\/insunte.edu.mx\/es\/wp-json\/wp\/v2\/pages\/403\/revisions\/11828"}],"up":[{"embeddable":true,"href":"https:\/\/insunte.edu.mx\/es\/wp-json\/wp\/v2\/pages\/45"}],"wp:attachment":[{"href":"https:\/\/insunte.edu.mx\/es\/wp-json\/wp\/v2\/media?parent=403"}],"curies":[{"name":"wp","href":"https:\/\/api.w.org\/{rel}","templated":true}]}}