{"id":38,"date":"2019-11-04T19:04:10","date_gmt":"2019-11-04T19:04:10","guid":{"rendered":"https:\/\/insunte.edu.mx\/es\/?page_id=38"},"modified":"2021-01-19T13:55:42","modified_gmt":"2021-01-19T19:55:42","slug":"secundaria","status":"publish","type":"page","link":"https:\/\/insunte.edu.mx\/es\/secundaria\/","title":{"rendered":"Secundaria"},"content":{"rendered":"<div class=\"wpb-content-wrapper\"><p>[vc_row][vc_column][vc_column_text css_animation=\u00bbflipInY\u00bb]<\/p>\n<h1 style=\"text-align: center;\">Secundaria incorporada a la SEDU<\/h1>\n<div id=\"gtx-trans\" style=\"position: absolute; left: 458px; top: 51.9063px;\">\n<div class=\"gtx-trans-icon\"><\/div>\n<\/div>\n<p>[\/vc_column_text][vc_single_image image=\u00bb598&#8243; img_size=\u00bbfull\u00bb alignment=\u00bbcenter\u00bb style=\u00bbvc_box_rounded\u00bb onclick=\u00bbzoom\u00bb css_animation=\u00bbflipInX\u00bb][vc_row_inner][vc_column_inner width=\u00bb1\/2&#8243;][vc_column_text]<script type=\"text\/javascript\" src=\"https:\/\/clientify.net\/web-marketing\/webforms\/script\/37636.js\"><span data-mce-type=\"bookmark\" style=\"display: inline-block; width: 0px; overflow: hidden; line-height: 0;\" class=\"mce_SELRES_start\">\ufeff<\/span><\/script>[\/vc_column_text][\/vc_column_inner][vc_column_inner width=\u00bb1\/2&#8243;][vc_gmaps link=\u00bb#E-8_JTNDaWZyYW1lJTIwc3JjJTNEJTIyaHR0cHMlM0ElMkYlMkZ3d3cuZ29vZ2xlLmNvbSUyRm1hcHMlMkZlbWJlZCUzRnBiJTNEJTIxMW0xOCUyMTFtMTIlMjExbTMlMjExZDE0NDEzLjYwNDEzMDQ2ODE3OCUyMTJkLTEwMS4wMTQ2MTkzNDk5OTk5OSUyMTNkMjUuNDI0ODUyNzUlMjEybTMlMjExZjAlMjEyZjAlMjEzZjAlMjEzbTIlMjExaTEwMjQlMjEyaTc2OCUyMTRmMTMuMSUyMTNtMyUyMTFtMiUyMTFzMHgwJTI1M0EweDY2NjkzNzBlN2IyODcyOWElMjEyc0luc3RpdHV0byUyNTIwVW5pdmVyc2l0YXJpbyUyNTIwZGVsJTI1MjBOb3J0ZSUyMTVlMCUyMTNtMiUyMTFzZW4lMjEyc214JTIxNHYxNjExMDg2MDIwMDE2JTIxNW0yJTIxMXNlbiUyMTJzbXglMjIlMjB3aWR0aCUzRCUyMjYwMCUyMiUyMGhlaWdodCUzRCUyMjQ1MCUyMiUyMGZyYW1lYm9yZGVyJTNEJTIyMCUyMiUyMHN0eWxlJTNEJTIyYm9yZGVyJTNBMCUzQiUyMiUyMGFsbG93ZnVsbHNjcmVlbiUzRCUyMiUyMiUyMGFyaWEtaGlkZGVuJTNEJTIyZmFsc2UlMjIlMjB0YWJpbmRleCUzRCUyMjAlMjIlM0UlM0MlMkZpZnJhbWUlM0U=\u00bb title=\u00bbEstamos en el centro de la Ciudad\u00bb]<div class=\"get_in_touch\" ><h3 class=\"title \">Cont\u00e1ctanos<\/h3><div class=\"get_in_touch_wrapper\"><ul><li class=\"address\"><span class=\"icon\"><i class=\"icon-location\"><\/i><\/span><span class=\"address_wrapper\">Victoria #395 Zona Centro, Saltillo, Coahuila<\/span><\/li><li class=\"phone phone-1\"><span class=\"icon\"><i class=\"icon-phone\"><\/i><\/span><p><a href=\"tel:8444101471\">844 410 1471<\/a><\/p><\/li><li class=\"mail\"><span class=\"icon\"><i class=\"icon-mail\"><\/i><\/span><p><a href=\"mailto:admisiones@insunte.edu.mx\">admisiones@insunte.edu.mx<\/a><\/p><\/li><li class=\"www\"><span class=\"icon\"><i class=\"icon-link\"><\/i><\/span><p><a target=\"_blank\" href=\"https:\/\/www.insunte.edu.mx\">www.insunte.edu.mx<\/a><\/p><\/li><\/ul><\/div><\/div>\n[\/vc_column_inner][\/vc_row_inner][\/vc_column][\/vc_row][vc_row][vc_column width=\u00bb1\/3&#8243;][vc_icon icon_fontawesome=\u00bbfa fa-user-circle-o\u00bb color=\u00bbcustom\u00bb size=\u00bblg\u00bb align=\u00bbcenter\u00bb css_animation=\u00bbfadeInDown\u00bb custom_color=\u00bb#0021fc\u00bb][vc_column_text css_animation=\u00bbfadeInDown\u00bb]<\/p>\n<h3 style=\"text-align: center;\">Formaci\u00f3n<\/h3>\n<p style=\"text-align: center;\">Formaci\u00f3n y evaluaci\u00f3n por competencias, lo que permite equilibrar conocimientos, habilidades y valores<\/p>\n<p>[\/vc_column_text][\/vc_column][vc_column width=\u00bb1\/3&#8243;][vc_icon icon_fontawesome=\u00bbfa fa-handshake-o\u00bb color=\u00bbcustom\u00bb size=\u00bblg\u00bb align=\u00bbcenter\u00bb css_animation=\u00bbfadeInDown\u00bb custom_color=\u00bb#0021fc\u00bb][vc_column_text css_animation=\u00bbfadeInDown\u00bb]<\/p>\n<h3 style=\"text-align: center;\">Compromiso<\/h3>\n<p style=\"text-align: center;\">Comprometidos con la educaci\u00f3n, el IMAC te ofrece educaci\u00f3n secundaria de calidad y tiempo completo<\/p>\n<p>[\/vc_column_text][\/vc_column][vc_column width=\u00bb1\/3&#8243;][vc_icon icon_fontawesome=\u00bbfa fa-video-camera\u00bb color=\u00bbcustom\u00bb size=\u00bblg\u00bb align=\u00bbcenter\u00bb css_animation=\u00bbfadeInDown\u00bb custom_color=\u00bb#0021fc\u00bb][vc_column_text css_animation=\u00bbfadeInDown\u00bb]<\/p>\n<h3 style=\"text-align: center;\">Seguridad<\/h3>\n<p style=\"text-align: center;\">El factor m\u00e1s importante en nuestra instituci\u00f3n es la seguridad de los j\u00f3venes que estudian con nosotros.<\/p>\n<p>[\/vc_column_text][\/vc_column][\/vc_row][vc_row][vc_column][vc_separator style=\u00bbshadow\u00bb][\/vc_column][\/vc_row][vc_row][vc_column width=\u00bb1\/3&#8243;][vc_icon icon_fontawesome=\u00bbfa fa-certificate\u00bb color=\u00bbcustom\u00bb size=\u00bblg\u00bb align=\u00bbcenter\u00bb css_animation=\u00bbfadeInDown\u00bb custom_color=\u00bb#0021fc\u00bb][vc_column_text css_animation=\u00bbfadeInDown\u00bb]<\/p>\n<h3 style=\"text-align: center;\">Curr\u00edcula Oficial<\/h3>\n<p style=\"text-align: center;\">Curr\u00edculo acad\u00e9mico oficial de la Secretar\u00eda de Educaci\u00f3n<\/p>\n<p>[\/vc_column_text][\/vc_column][vc_column width=\u00bb1\/3&#8243;][vc_icon icon_fontawesome=\u00bbfa fa-comment\u00bb color=\u00bbcustom\u00bb size=\u00bblg\u00bb align=\u00bbcenter\u00bb css_animation=\u00bbfadeInDown\u00bb custom_color=\u00bb#0021fc\u00bb][vc_column_text css_animation=\u00bbfadeInDown\u00bb]<\/p>\n<h3 style=\"text-align: center;\">Ingl\u00e9s<\/h3>\n<p style=\"text-align: center;\">Seis horas de ingl\u00e9s a la semana en los tres grados de la secundaria.<\/p>\n<p>[\/vc_column_text][\/vc_column][vc_column width=\u00bb1\/3&#8243;][vc_icon icon_fontawesome=\u00bbfa fa-random\u00bb color=\u00bbcustom\u00bb size=\u00bblg\u00bb align=\u00bbcenter\u00bb css_animation=\u00bbfadeInDown\u00bb custom_color=\u00bb#0021fc\u00bb][vc_column_text css_animation=\u00bbfadeInDown\u00bb]<\/p>\n<h3 style=\"text-align: center;\">Tutor\u00edas<\/h3>\n<p style=\"text-align: center;\">Tutor\u00edas personalizadas por alumno a trav\u00e9s de un plan de vida.<\/p>\n<p>[\/vc_column_text][\/vc_column][\/vc_row]<\/p>\n<\/div>","protected":false},"excerpt":{"rendered":"<p>[vc_row][vc_column][vc_column_text css_animation=\u00bbflipInY\u00bb] Secundaria incorporada a la SEDU [\/vc_column_text][vc_single_image image=\u00bb598&#8243; img_size=\u00bbfull\u00bb alignment=\u00bbcenter\u00bb style=\u00bbvc_box_rounded\u00bb onclick=\u00bbzoom\u00bb css_animation=\u00bbflipInX\u00bb][vc_row_inner][vc_column_inner width=\u00bb1\/2&#8243;][vc_column_text][\/vc_column_text][\/vc_column_inner][vc_column_inner width=\u00bb1\/2&#8243;][vc_gmaps link=\u00bb#E-8_JTNDaWZyYW1lJTIwc3JjJTNEJTIyaHR0cHMlM0ElMkYlMkZ3d3cuZ29vZ2xlLmNvbSUyRm1hcHMlMkZlbWJlZCUzRnBiJTNEJTIxMW0xOCUyMTFtMTIlMjExbTMlMjExZDE0NDEzLjYwNDEzMDQ2ODE3OCUyMTJkLTEwMS4wMTQ2MTkzNDk5OTk5OSUyMTNkMjUuNDI0ODUyNzUlMjEybTMlMjExZjAlMjEyZjAlMjEzZjAlMjEzbTIlMjExaTEwMjQlMjEyaTc2OCUyMTRmMTMuMSUyMTNtMyUyMTFtMiUyMTFzMHgwJTI1M0EweDY2NjkzNzBlN2IyODcyOWElMjEyc0luc3RpdHV0byUyNTIwVW5pdmVyc2l0YXJpbyUyNTIwZGVsJTI1MjBOb3J0ZSUyMTVlMCUyMTNtMiUyMTFzZW4lMjEyc214JTIxNHYxNjExMDg2MDIwMDE2JTIxNW0yJTIxMXNlbiUyMTJzbXglMjIlMjB3aWR0aCUzRCUyMjYwMCUyMiUyMGhlaWdodCUzRCUyMjQ1MCUyMiUyMGZyYW1lYm9yZGVyJTNEJTIyMCUyMiUyMHN0eWxlJTNEJTIyYm9yZGVyJTNBMCUzQiUyMiUyMGFsbG93ZnVsbHNjcmVlbiUzRCUyMiUyMiUyMGFyaWEtaGlkZGVuJTNEJTIyZmFsc2UlMjIlMjB0YWJpbmRleCUzRCUyMjAlMjIlM0UlM0MlMkZpZnJhbWUlM0U=\u00bb title=\u00bbEstamos en el centro de la Ciudad\u00bb][\/vc_column_inner][\/vc_row_inner][\/vc_column][\/vc_row][vc_row][vc_column width=\u00bb1\/3&#8243;][vc_icon icon_fontawesome=\u00bbfa<span class=\"excerpt-hellip\"> [\u2026]<\/span><\/p>\n","protected":false},"author":1,"featured_media":0,"parent":0,"menu_order":0,"comment_status":"closed","ping_status":"closed","template":"","meta":{"footnotes":""},"class_list":["post-38","page","type-page","status-publish","hentry"],"jetpack_sharing_enabled":true,"_links":{"self":[{"href":"https:\/\/insunte.edu.mx\/es\/wp-json\/wp\/v2\/pages\/38","targetHints":{"allow":["GET"]}}],"collection":[{"href":"https:\/\/insunte.edu.mx\/es\/wp-json\/wp\/v2\/pages"}],"about":[{"href":"https:\/\/insunte.edu.mx\/es\/wp-json\/wp\/v2\/types\/page"}],"author":[{"embeddable":true,"href":"https:\/\/insunte.edu.mx\/es\/wp-json\/wp\/v2\/users\/1"}],"replies":[{"embeddable":true,"href":"https:\/\/insunte.edu.mx\/es\/wp-json\/wp\/v2\/comments?post=38"}],"version-history":[{"count":5,"href":"https:\/\/insunte.edu.mx\/es\/wp-json\/wp\/v2\/pages\/38\/revisions"}],"predecessor-version":[{"id":7897,"href":"https:\/\/insunte.edu.mx\/es\/wp-json\/wp\/v2\/pages\/38\/revisions\/7897"}],"wp:attachment":[{"href":"https:\/\/insunte.edu.mx\/es\/wp-json\/wp\/v2\/media?parent=38"}],"curies":[{"name":"wp","href":"https:\/\/api.w.org\/{rel}","templated":true}]}}