{"id":345,"date":"2019-11-26T15:09:33","date_gmt":"2019-11-26T15:09:33","guid":{"rendered":"https:\/\/insunte.edu.mx\/es\/?page_id=345"},"modified":"2024-04-02T17:01:49","modified_gmt":"2024-04-02T23:01:49","slug":"licenciatura-en-arquitectura","status":"publish","type":"page","link":"https:\/\/insunte.edu.mx\/es\/universidad\/licenciatura-en-arquitectura\/","title":{"rendered":"Licenciatura en Arquitectura"},"content":{"rendered":"<div class=\"wpb-content-wrapper\"><p>[vc_row][vc_column][vc_zigzag el_border_width=\u00bb8&#8243;][vc_column_text css_animation=\u00bbfadeIn\u00bb]<\/p>\n<h2 style=\"text-align: center;\"><span style=\"color: #000080;\"><strong>Objetivo de la carrera<\/strong><\/span><\/h2>\n<h4 style=\"text-align: center;\">Formar arquitectos con sentido cr\u00edtico y reflexivo del trabajo arquitect\u00f3nico y urbano, con capacidad de fundamentar y tomar decisiones proyectuales sobre el objeto arquitect\u00f3nico en funci\u00f3n de su posible influencia en la calidad de vida y de la modificaci\u00f3n del contexto que lo contiene.<\/h4>\n<p>[\/vc_column_text][\/vc_column][\/vc_row][vc_row][vc_column][vc_column_text css_animation=\u00bbfadeInRight\u00bb]<\/p>\n<h2 style=\"text-align: center;\"><span style=\"color: #000080;\">\u00bfQue desarrollar\u00e9 en la Licenciatura en Arquitectura?<\/span><\/h2>\n<p>[\/vc_column_text][vc_tta_accordion][vc_tta_section i_icon_fontawesome=\u00bbfa fa-graduation-cap\u00bb add_icon=\u00bbtrue\u00bb title=\u00bbConocimientos\u00bb tab_id=\u00bb1574700301791-75f1196f-d127&#8243;][vc_column_text css_animation=\u00bbbounceIn\u00bb]<\/p>\n<ul>\n<li>\n<h4>Teor\u00eda y m\u00e9todos de dise\u00f1o arquitect\u00f3nico.<\/h4>\n<\/li>\n<li>\n<h4>Contexto social en el que se proponen los entornos construidos.<\/h4>\n<\/li>\n<li>\n<h4>C\u00f3digos, regulaciones y est\u00e1ndares relevantes para la planificaci\u00f3n, concepci\u00f3n, construcci\u00f3n, higiene, seguridad y uso de los entornos construidos.<\/h4>\n<\/li>\n<li>\n<h4>Urbanismo, la planificaci\u00f3n y de las t\u00e9cnicas aplicadas en el proceso de planificaci\u00f3n.<\/h4>\n<\/li>\n<li>\n<h4>Los problemas socioecon\u00f3micos y pol\u00edticos en el contexto nacional e internacional que tienen pertinencia e impacto sobre el marco de acci\u00f3n del Arquitecto.<\/h4>\n<\/li>\n<li>\n<h4>Los fundamentos de la \u00e9tica profesional y humana y los valores de respeto a la dignidad humana.<\/h4>\n<\/li>\n<li>\n<h4>Los elementos de otras disciplinas que permitan dialogar con profesionales de otras \u00e1reas y realizar trabajo interdisciplinario.<\/h4>\n<\/li>\n<li>\n<h4>Conocimientos de historia y teor\u00eda de la arquitectura, tanto actual a nivel nacional e internacional, como grandes obras maestras de la arquitectura antigua.<\/h4>\n<\/li>\n<li>\n<h4>Conocimiento de los materiales de la construcci\u00f3n y el arte del dise\u00f1o, las tradicionales y las actuales.<\/h4>\n<\/li>\n<li>\n<h4>Con conocimiento del dibujo t\u00e9cnico tradicional y con las t\u00e9cnicas asistidas por computaci\u00f3n: autocad, archicad.<\/h4>\n<\/li>\n<li>\n<h4>Conocimiento de c\u00e1lculo de estructuras, t\u00e9cnicas de uso de materiales y de sistemas de construcci\u00f3n.<\/h4>\n<\/li>\n<li>\n<h4>Conocimiento de las principales corrientes filos\u00f3ficas, del arte, dise\u00f1o y arquitectura.<\/h4>\n<\/li>\n<li>\n<h4>Conocimiento en integrar en sus dise\u00f1os, conceptos sustentables, respecto del uso de energ\u00eda y minimizaci\u00f3n de impactos ambientales.<\/h4>\n<\/li>\n<\/ul>\n<p>[\/vc_column_text][\/vc_tta_section][vc_tta_section i_icon_fontawesome=\u00bbfa fa-check-circle\u00bb add_icon=\u00bbtrue\u00bb title=\u00bbHabilidades\u00bb tab_id=\u00bb1574700301791-cf4804dc-d874&#8243;][vc_column_text css_animation=\u00bbbounceIn\u00bb]<\/p>\n<ul>\n<li>\n<h4>Proyectar obras de arquitectura y\/o urbanas, a trav\u00e9s de propuestas de dise\u00f1o tendientes a la soluci\u00f3n integral de requerimientos funcionales, expresivos, constructivos y ambientales, que resuelvan problem\u00e1ticas particulares de habitabilidad, en distintas escalas de intervenci\u00f3n y de cualquier g\u00e9nero con creatividad, objetividad, visi\u00f3n cr\u00edtica y actitud propositiva, en los \u00e1mbitos local, regional, nacional e internacional.<\/h4>\n<\/li>\n<li>\n<h4>Producir informaci\u00f3n visual para la adecuada comunicaci\u00f3n de las ideas de dise\u00f1o durante el proceso proyectual y de las caracter\u00edsticas materiales y t\u00e9cnicas de la obra a construir, a trav\u00e9s de la aplicaci\u00f3n de recursos y herramientas de expresi\u00f3n gr\u00e1fica tradicionales y digitales, con creatividad, sentido est\u00e9tico, claridad y precisi\u00f3n en la informaci\u00f3n, en los \u00e1mbitos local, regional, nacional e internacional.<\/h4>\n<\/li>\n<li>\n<h4>Fundamentar proyectos urbano-arquitect\u00f3nicos a partir del an\u00e1lisis te\u00f3rico basado en el conocimiento de metodolog\u00edas y en la comprensi\u00f3n del fen\u00f3meno hist\u00f3rico desde las perspectivas humana, ambiental y tecnol\u00f3gica; para lograr respuestas congruentes a las necesidades sociales de habitabilidad, con sentido de pertenencia e identidad manifiestas en una visi\u00f3n cr\u00edtica, en los \u00e1mbitos local, regional y nacional.<\/h4>\n<\/li>\n<li>\n<h4>Realizar obras arquitect\u00f3nicas y\/o urbanas considerando el uso de ingenier\u00edas, tradicionales y de vanguardia, para la resoluci\u00f3n de proyectos ejecutivos y de programas de direcci\u00f3n, construcci\u00f3n y supervisi\u00f3n t\u00e9cnica de obra, bajo est\u00e1ndares de calidad y eficiencia t\u00e9rmica y energ\u00e9tica en apego a la reglamentaci\u00f3n y normatividad oficial; con objetividad, responsabilidad, compromiso social y respeto por el medio ambiente, en los \u00e1mbitos local, estatal, regional y nacional.<\/h4>\n<\/li>\n<li>\n<h4>Administrar las tareas operativas relativas a proyectos y construcci\u00f3n, aplicando procesos y t\u00e9cnicas de planeaci\u00f3n, programaci\u00f3n, costos y presupuestos, gesti\u00f3n financiera, normas y reglamentos, honorarios profesionales, para desempe\u00f1ar integralmente el ejercicio profesional dentro del marco legal correspondiente y de un entorno econ\u00f3mico determinado, ejerciendo con \u00e9tica y responsabilidad el liderazgo en la coordinaci\u00f3n, supervisi\u00f3n y toma de decisiones del trabajo en equipos multidisciplinarios, en los \u00e1mbitos local, estatal, regional y nacional.<\/h4>\n<\/li>\n<li>\n<h4>Dise\u00f1ar estrategias y t\u00e9cnicas pasivas de adecuaci\u00f3n ambiental en espacios urbano-arquitect\u00f3nicos, aplicando principios, m\u00e9todos y herramientas de an\u00e1lisis, evaluaci\u00f3n y diagn\u00f3stico de factores ambientales y de paisaje as\u00ed como los fundamentos te\u00f3rico-pr\u00e1cticos de redes e instalaciones, para el desempe\u00f1o de las actividades humanas en condiciones ambientales \u00f3ptimas; con responsabilidad social y conciencia de la necesidad del uso racional de la energ\u00eda, en los \u00e1mbitos local, estatal, regional y nacional.<\/h4>\n<\/li>\n<\/ul>\n<p>[\/vc_column_text][\/vc_tta_section][vc_tta_section i_icon_fontawesome=\u00bbfa fa-child\u00bb add_icon=\u00bbtrue\u00bb title=\u00bbActitudes\u00bb tab_id=\u00bb1574700499784-79fa86e3-aa3b\u00bb][vc_column_text css_animation=\u00bbbounceIn\u00bb]<\/p>\n<ul>\n<li>\n<h4>Cuenta con un plan de carrera profesional, identifica los factores que contribuyen al \u00e9xito profesional, gestiona de manera efectiva el tiempo.<\/h4>\n<\/li>\n<li>\n<h4>Valora la importancia de la creatividad e innovaci\u00f3n en el campo profesional.<\/h4>\n<\/li>\n<li>\n<h4>Es una persona emprendedora en su \u00e1rea profesional.<\/h4>\n<\/li>\n<li>\n<h4>Eval\u00faa las situaciones personales y profesionales a trav\u00e9s de la \u00e9tica, realiza su proyecto de vida, establece reglamentos \u00e9ticos para su profesi\u00f3n y actividad, formula su c\u00f3digo \u00e9tico personal y profesional.<\/h4>\n<\/li>\n<\/ul>\n<p>[\/vc_column_text][\/vc_tta_section][\/vc_tta_accordion][vc_separator style=\u00bbdouble\u00bb][vc_cta h2=\u00bbDescarga el plan de estudios\u00bb h4=\u00bbTermina tus estudios universitarios en tan solo 3 a\u00f1os\u00bb color=\u00bbblack\u00bb add_button=\u00bbright\u00bb btn_title=\u00bbClic aqu\u00ed para descargar PDF\u00bb btn_style=\u00bb3d\u00bb btn_color=\u00bbprimary\u00bb btn_i_align=\u00bbright\u00bb btn_i_icon_fontawesome=\u00bbfa fa-file-pdf-o\u00bb btn_css_animation=\u00bbbounceInRight\u00bb add_icon=\u00bbleft\u00bb i_icon_fontawesome=\u00bbfa fa-chevron-circle-down\u00bb i_color=\u00bbblack\u00bb i_size=\u00bblg\u00bb css_animation=\u00bbbounceInLeft\u00bb btn_add_icon=\u00bbtrue\u00bb btn_link=\u00bburl:https%3A%2F%2Finsunte.edu.mx%2Fes%2Fwp-content%2Fuploads%2F2020%2F03%2Farqui-g.pdf|title:Arquitectura|target:%20_blank|\u00bb css=\u00bb.vc_custom_1584118565435{background-color: #ffbb00 !important;}\u00bb]Conoce la carga de materias que llevar\u00e1s durante tu estancia en la universidad.[\/vc_cta][\/vc_column][\/vc_row][vc_row][vc_column width=\u00bb2\/3&#8243;][vc_column_text css_animation=\u00bbfadeInRight\u00bb]<\/p>\n<h2 style=\"text-align: center;\"><span style=\"color: #000080;\"> <i class=\"clock\" style=\"\" aria-hidden=\"true\"><\/i>Conoce nuestros horarios<\/span><\/h2>\n<p>[\/vc_column_text][vc_tta_tabs][vc_tta_section title=\u00bb<\/p>\n<h5>Matutino<\/h5>\n<p>\u00bb tab_id=\u00bb1574706954382-7fee809e-4d7d\u00bb][vc_column_text css_animation=\u00bbfadeInLeft\u00bb]<\/p>\n<h4>El horario matutino es de lunes a jueves de 8am a 1pm.<\/h4>\n<p>[\/vc_column_text][\/vc_tta_section][vc_tta_section title=\u00bb<\/p>\n<h5>Nocturno<\/h5>\n<p>\u00bb tab_id=\u00bb1574706954382-68186cc2-1feb\u00bb][vc_column_text css_animation=\u00bbfadeInLeft\u00bb]<\/p>\n<h4>El horario nocturno es de lunes a jueves de 6pm a 9pm.<\/h4>\n<p>[\/vc_column_text][\/vc_tta_section][vc_tta_section title=\u00bb<\/p>\n<h5>Ejecutivo Sabatino<\/h5>\n<p>\u00bb tab_id=\u00bb1574707109825-a3a021ba-7c9e\u00bb][vc_column_text css_animation=\u00bbbounceInLeft\u00bb]<\/p>\n<h4>El horario ejecutivo sabatino es solo los d\u00edas s\u00e1bado de 8am a 3pm.<\/h4>\n<p>[\/vc_column_text][\/vc_tta_section][vc_tta_section title=\u00bb<\/p>\n<h5>Ejecutivo Dominical<\/h5>\n<p>\u00bb tab_id=\u00bb1574707103474-3b69c4bf-85c9&#8243;][vc_column_text css_animation=\u00bbbounceInLeft\u00bb]<\/p>\n<h4>El horario ejecutivo dominical es solo los d\u00edas domingo de 8am a 3pm.<\/h4>\n<p>[\/vc_column_text][\/vc_tta_section][\/vc_tta_tabs][\/vc_column][vc_column width=\u00bb1\/3&#8243;][vc_column_text css_animation=\u00bbfadeInRight\u00bb]<\/p>\n<h2 style=\"text-align: center;\"><span style=\"color: #000080;\">Periodo de Inscripciones<\/span><\/h2>\n<div id=\"gtx-trans\" style=\"position: absolute; left: 75px; top: 52.0243px;\">\n<div class=\"gtx-trans-icon\"><\/div>\n<\/div>\n<p>[\/vc_column_text][vc_tta_accordion][vc_tta_section i_icon_fontawesome=\u00bbfa fa-graduation-cap\u00bb add_icon=\u00bbtrue\u00bb title=\u00bbIngreso Enero\u00bb tab_id=\u00bb1574727605682-505f83b6-8f51&#8243;][vc_column_text css_animation=\u00bblightSpeedIn\u00bb]Periodo de inscripciones de Octubre a Enero<\/p>\n<div id=\"gtx-trans\" style=\"position: absolute; left: -13px; top: 36.9896px;\">\n<div class=\"gtx-trans-icon\"><\/div>\n<\/div>\n<p>[\/vc_column_text][\/vc_tta_section][vc_tta_section i_icon_fontawesome=\u00bbfa fa-graduation-cap\u00bb add_icon=\u00bbtrue\u00bb title=\u00bbIngreso Mayo\u00bb tab_id=\u00bb1574727605682-9ab7c75a-1f84&#8243;][vc_column_text]Periodo de inscripciones de Febrero a Mayo<\/p>\n<div id=\"gtx-trans\" style=\"position: absolute; left: 379px; top: -9.78819px;\">\n<div class=\"gtx-trans-icon\"><\/div>\n<\/div>\n<p>[\/vc_column_text][\/vc_tta_section][vc_tta_section i_icon_fontawesome=\u00bbfa fa-graduation-cap\u00bb add_icon=\u00bbtrue\u00bb title=\u00bbIngreso Septiembre\u00bb tab_id=\u00bb1574727655967-78b4af64-582c\u00bb][vc_column_text]Periodo de inscripciones de Junio a Septiembre<\/p>\n<div id=\"gtx-trans\" style=\"position: absolute; left: 336px; top: -9.78819px;\">\n<div class=\"gtx-trans-icon\"><\/div>\n<\/div>\n<p>[\/vc_column_text][\/vc_tta_section][\/vc_tta_accordion][\/vc_column][\/vc_row][vc_row][vc_column width=\u00bb1\/4&#8243;]<div class=\"icon_box icon_position_top no_border\"><div class=\"icon_wrapper\"><div class=\"icon\"><i class=\"icon-plus-squared\" aria-hidden=\"true\"><\/i><\/div><\/div><div class=\"desc_wrapper\"><h4 class=\"title \">Incorporado a la SEP Federal<\/h4><\/div><\/div>\n[\/vc_column][vc_column width=\u00bb1\/4&#8243;]<div class=\"icon_box icon_position_top no_border\"><div class=\"icon_wrapper\"><div class=\"icon\"><i class=\"icon-user-line\" aria-hidden=\"true\"><\/i><\/div><\/div><div class=\"desc_wrapper\"><h4 class=\"title \">Modelo Profesional Humanista<\/h4><\/div><\/div>\n[\/vc_column][vc_column width=\u00bb1\/4&#8243;]<div class=\"icon_box icon_position_top no_border\"><div class=\"icon_wrapper\"><div class=\"icon\"><i class=\"icon-shareable\" aria-hidden=\"true\"><\/i><\/div><\/div><div class=\"desc_wrapper\"><h4 class=\"title \">Maestros con T\u00edtulo y C\u00e9dula<\/h4><\/div><\/div>\n[\/vc_column][vc_column width=\u00bb1\/4&#8243;]<div class=\"icon_box icon_position_top no_border\"><div class=\"icon_wrapper\"><div class=\"icon\"><i class=\"icon-users\" aria-hidden=\"true\"><\/i><\/div><\/div><div class=\"desc_wrapper\"><h4 class=\"title \">Convenios Institucionales<\/h4><\/div><\/div>\n[\/vc_column][\/vc_row][vc_row full_width=\u00bbstretch_row\u00bb parallax=\u00bbcontent-moving\u00bb css=\u00bb.vc_custom_1574724029563{background-image: url(https:\/\/insunte.edu.mx\/es\/wp-content\/uploads\/2019\/11\/fondo5cindy.jpg?id=168) !important;background-position: 0 0;background-repeat:epeat;}\u00bb][vc_column][vc_custom_heading text=\u00bb\u00abCambiando vidas, materializando sue\u00f1os\u00ab.\u00bb font_container=\u00bbtag:h1|text_align:center|color:%23ffffff\u00bb google_fonts=\u00bbfont_family:Asap%3Aregular%2Citalic%2C700%2C700italic|font_style:400%20regular%3A400%3Anormal\u00bb css_animation=\u00bbflipInY\u00bb][vc_cta h2=\u00bb\u00a1No lo pienses m\u00e1s e inscr\u00edbete ahora!\u00bb h4=\u00bbSistema cuatrimestral\u00bb style=\u00bb3d\u00bb color=\u00bbwhite\u00bb el_width=\u00bbxl\u00bb add_button=\u00bbright\u00bb btn_title=\u00bbInscr\u00edbete Aqu\u00ed\u00bb btn_style=\u00bb3d\u00bb btn_color=\u00bbprimary\u00bb btn_size=\u00bblg\u00bb btn_align=\u00bbright\u00bb btn_i_icon_fontawesome=\u00bbfa fa-address-book-o\u00bb add_icon=\u00bbleft\u00bb i_icon_fontawesome=\u00bbfa fa-user-circle-o\u00bb i_color=\u00bbblack\u00bb css_animation=\u00bbfadeIn\u00bb btn_button_block=\u00bbtrue\u00bb btn_add_icon=\u00bbtrue\u00bb btn_link=\u00bburl:https%3A%2F%2Finsunte.edu.mx%2Fes%2Fproducto%2Finscripcion-para-universidad%2F|title:Admisiones||\u00bb]Sigue creciendo y en solo 3 a\u00f1os cambia tu vida.[\/vc_cta][\/vc_column][\/vc_row]<\/p>\n<\/div>","protected":false},"excerpt":{"rendered":"<p>[vc_row][vc_column][vc_zigzag el_border_width=\u00bb8&#8243;][vc_column_text css_animation=\u00bbfadeIn\u00bb] Objetivo de la carrera Formar arquitectos con sentido cr\u00edtico y reflexivo del trabajo arquitect\u00f3nico y urbano, con capacidad de fundamentar y tomar decisiones<span class=\"excerpt-hellip\"> [\u2026]<\/span><\/p>\n","protected":false},"author":1,"featured_media":0,"parent":45,"menu_order":0,"comment_status":"closed","ping_status":"closed","template":"","meta":{"footnotes":""},"class_list":["post-345","page","type-page","status-publish","hentry"],"jetpack_sharing_enabled":true,"_links":{"self":[{"href":"https:\/\/insunte.edu.mx\/es\/wp-json\/wp\/v2\/pages\/345","targetHints":{"allow":["GET"]}}],"collection":[{"href":"https:\/\/insunte.edu.mx\/es\/wp-json\/wp\/v2\/pages"}],"about":[{"href":"https:\/\/insunte.edu.mx\/es\/wp-json\/wp\/v2\/types\/page"}],"author":[{"embeddable":true,"href":"https:\/\/insunte.edu.mx\/es\/wp-json\/wp\/v2\/users\/1"}],"replies":[{"embeddable":true,"href":"https:\/\/insunte.edu.mx\/es\/wp-json\/wp\/v2\/comments?post=345"}],"version-history":[{"count":5,"href":"https:\/\/insunte.edu.mx\/es\/wp-json\/wp\/v2\/pages\/345\/revisions"}],"predecessor-version":[{"id":11826,"href":"https:\/\/insunte.edu.mx\/es\/wp-json\/wp\/v2\/pages\/345\/revisions\/11826"}],"up":[{"embeddable":true,"href":"https:\/\/insunte.edu.mx\/es\/wp-json\/wp\/v2\/pages\/45"}],"wp:attachment":[{"href":"https:\/\/insunte.edu.mx\/es\/wp-json\/wp\/v2\/media?parent=345"}],"curies":[{"name":"wp","href":"https:\/\/api.w.org\/{rel}","templated":true}]}}