{"id":3377,"date":"2020-03-31T11:17:43","date_gmt":"2020-03-31T17:17:43","guid":{"rendered":"https:\/\/insunte.edu.mx\/es\/?page_id=3377"},"modified":"2020-03-31T15:08:10","modified_gmt":"2020-03-31T21:08:10","slug":"soporte-control-escolar","status":"publish","type":"page","link":"https:\/\/insunte.edu.mx\/es\/soporte-control-escolar\/","title":{"rendered":"Soporte Control Escolar"},"content":{"rendered":"<div class=\"wpb-content-wrapper\"><p>[vc_row][vc_column][vc_zigzag][vc_column_text css_animation=\u00bbflipInX\u00bb]<\/p>\n<h4 style=\"text-align: center;\">Bienvenidos al sistema de soporte t\u00e9cnico del departamento de control escolar.<\/h4>\n<p style=\"text-align: center;\">Selecciona la ciudad donde se encuentra tu escuela para dar una atenci\u00f3n m\u00e1s personalizada.<\/p>\n<p>[\/vc_column_text][\/vc_column][\/vc_row][vc_row][vc_column width=\u00bb1\/4&#8243;]<div class=\"photo_box \"><h4 class=\"title \">Saltillo<\/h4><div class=\"image_frame\"><div class=\"image_wrapper\"><a href=\"https:\/\/insunte.edu.mx\/es\/soporte-control-escolar\/soporte-en-linea-departamento-de-control-escolar-unidad-saltillo\/\"  title=\"\"><div class=\"mask\"><\/div><img decoding=\"async\" class=\"scale-with-grid\" src=\"https:\/\/i0.wp.com\/insunte.edu.mx\/es\/wp-content\/uploads\/2020\/03\/icon-1.png?fit=167%2C168&#038;ssl=1\" alt=\"Soporte Control Escolar\" width=\"\" height=\"\"\/><\/a><\/div><\/div><div class=\"desc\">Coahuila<\/div><\/div>\n[\/vc_column][vc_column width=\u00bb1\/4&#8243;]<div class=\"photo_box \"><h4 class=\"title \">Monclova<\/h4><div class=\"image_frame\"><div class=\"image_wrapper\"><a href=\"https:\/\/insunte.edu.mx\/es\/soporte-control-escolar\/soporte-en-linea-control-escolar-unidad-monclova\/\"  title=\"\"><div class=\"mask\"><\/div><img decoding=\"async\" class=\"scale-with-grid\" src=\"https:\/\/i0.wp.com\/insunte.edu.mx\/es\/wp-content\/uploads\/2020\/03\/icon-1.png?fit=167%2C168&#038;ssl=1\" alt=\"Soporte Control Escolar\" width=\"\" height=\"\"\/><\/a><\/div><\/div><div class=\"desc\">Coahuila<\/div><\/div>\n[\/vc_column][vc_column width=\u00bb1\/4&#8243;]<div class=\"photo_box \"><h4 class=\"title \">Piedras Negras<\/h4><div class=\"image_frame\"><div class=\"image_wrapper\"><a href=\"https:\/\/insunte.edu.mx\/es\/soporte-control-escolar\/soporte-en-linea-control-escolar-unidad-piedras-negras\/\"  title=\"\"><div class=\"mask\"><\/div><img decoding=\"async\" class=\"scale-with-grid\" src=\"https:\/\/i0.wp.com\/insunte.edu.mx\/es\/wp-content\/uploads\/2020\/03\/icon-1.png?fit=167%2C168&#038;ssl=1\" alt=\"Soporte Control Escolar\" width=\"\" height=\"\"\/><\/a><\/div><\/div><div class=\"desc\">Coahuila<\/div><\/div>\n[\/vc_column][vc_column width=\u00bb1\/4&#8243;]<div class=\"photo_box \"><h4 class=\"title \">Torre\u00f3n<\/h4><div class=\"image_frame\"><div class=\"image_wrapper\"><a href=\"https:\/\/insunte.edu.mx\/es\/soporte-control-escolar\/soporte-en-linea-control-escolar-unidad-torreon\/\"  title=\"\"><div class=\"mask\"><\/div><img decoding=\"async\" class=\"scale-with-grid\" src=\"https:\/\/i0.wp.com\/insunte.edu.mx\/es\/wp-content\/uploads\/2020\/03\/icon-1.png?fit=167%2C168&#038;ssl=1\" alt=\"Soporte Control Escolar\" width=\"\" height=\"\"\/><\/a><\/div><\/div><div class=\"desc\">Coahuila<\/div><\/div>\n[\/vc_column][\/vc_row][vc_row][vc_column width=\u00bb1\/3&#8243;]<div class=\"photo_box \"><h4 class=\"title \">Cd. Madero<\/h4><div class=\"image_frame\"><div class=\"image_wrapper\"><a href=\"https:\/\/insunte.edu.mx\/es\/soporte-control-escolar\/soporte-en-linea-control-escolar-unidad-cd-madero\/\"  title=\"\"><div class=\"mask\"><\/div><img decoding=\"async\" class=\"scale-with-grid\" src=\"https:\/\/i0.wp.com\/insunte.edu.mx\/es\/wp-content\/uploads\/2020\/03\/icon-1.png?fit=167%2C168&#038;ssl=1\" alt=\"Soporte Control Escolar\" width=\"\" height=\"\"\/><\/a><\/div><\/div><div class=\"desc\">Tamaulipas<\/div><\/div>\n[\/vc_column][vc_column width=\u00bb1\/3&#8243;]<div class=\"photo_box \"><h4 class=\"title \">Cd. Mante<\/h4><div class=\"image_frame\"><div class=\"image_wrapper\"><a href=\"https:\/\/insunte.edu.mx\/es\/soporte-control-escolar\/soporte-en-linea-control-escolar-unidad-cd-mante\/\"  title=\"\"><div class=\"mask\"><\/div><img decoding=\"async\" class=\"scale-with-grid\" src=\"https:\/\/i0.wp.com\/insunte.edu.mx\/es\/wp-content\/uploads\/2020\/03\/icon-1.png?fit=167%2C168&#038;ssl=1\" alt=\"Soporte Control Escolar\" width=\"\" height=\"\"\/><\/a><\/div><\/div><div class=\"desc\">Tamaulipas<\/div><\/div>\n[\/vc_column][vc_column width=\u00bb1\/3&#8243;]<div class=\"photo_box \"><h4 class=\"title \">Reynosa<\/h4><div class=\"image_frame\"><div class=\"image_wrapper\"><a href=\"#\"  title=\"\"><div class=\"mask\"><\/div><img decoding=\"async\" class=\"scale-with-grid\" src=\"https:\/\/i0.wp.com\/insunte.edu.mx\/es\/wp-content\/uploads\/2020\/03\/icon-1.png?fit=167%2C168&#038;ssl=1\" alt=\"Soporte Control Escolar\" width=\"\" height=\"\"\/><\/a><\/div><\/div><div class=\"desc\">Tamaulipas<\/div><\/div>\n[\/vc_column][\/vc_row]<\/p>\n<\/div>","protected":false},"excerpt":{"rendered":"<p>[vc_row][vc_column][vc_zigzag][vc_column_text css_animation=\u00bbflipInX\u00bb] Bienvenidos al sistema de soporte t\u00e9cnico del departamento de control escolar. Selecciona la ciudad donde se encuentra tu escuela para dar una atenci\u00f3n m\u00e1s<span class=\"excerpt-hellip\"> [\u2026]<\/span><\/p>\n","protected":false},"author":1,"featured_media":0,"parent":0,"menu_order":0,"comment_status":"closed","ping_status":"closed","template":"","meta":{"footnotes":""},"class_list":["post-3377","page","type-page","status-publish","hentry"],"jetpack_sharing_enabled":true,"_links":{"self":[{"href":"https:\/\/insunte.edu.mx\/es\/wp-json\/wp\/v2\/pages\/3377","targetHints":{"allow":["GET"]}}],"collection":[{"href":"https:\/\/insunte.edu.mx\/es\/wp-json\/wp\/v2\/pages"}],"about":[{"href":"https:\/\/insunte.edu.mx\/es\/wp-json\/wp\/v2\/types\/page"}],"author":[{"embeddable":true,"href":"https:\/\/insunte.edu.mx\/es\/wp-json\/wp\/v2\/users\/1"}],"replies":[{"embeddable":true,"href":"https:\/\/insunte.edu.mx\/es\/wp-json\/wp\/v2\/comments?post=3377"}],"version-history":[{"count":3,"href":"https:\/\/insunte.edu.mx\/es\/wp-json\/wp\/v2\/pages\/3377\/revisions"}],"predecessor-version":[{"id":3403,"href":"https:\/\/insunte.edu.mx\/es\/wp-json\/wp\/v2\/pages\/3377\/revisions\/3403"}],"wp:attachment":[{"href":"https:\/\/insunte.edu.mx\/es\/wp-json\/wp\/v2\/media?parent=3377"}],"curies":[{"name":"wp","href":"https:\/\/api.w.org\/{rel}","templated":true}]}}