{"id":11753,"date":"2024-03-06T09:54:17","date_gmt":"2024-03-06T15:54:17","guid":{"rendered":"https:\/\/insunte.edu.mx\/es\/contrasena-perdida-2\/"},"modified":"2024-03-06T09:54:17","modified_gmt":"2024-03-06T15:54:17","slug":"contrasena-perdida-2","status":"publish","type":"page","link":"https:\/\/insunte.edu.mx\/es\/contrasena-perdida-2\/","title":{"rendered":"Contrase\u00f1a Perdida"},"content":{"rendered":"<p>Please enter your username or email address below. You will receive a link to confirm the request via email. A new generated password will be provided which can be changed later from My Account.<\/p>\n\r\n<div class=\"uap-pass-form-wrap uap-login-template-13\">\r\r\n\t<form method=\"post\" >\r\r\n\t\t<input type=\"hidden\" name=\"uap_reset_password_nonce\" value=\"71c99bbb8e\" \/>\r\r\n\t\t<input name=\"uapaction\" type=\"hidden\" value=\"reset_pass\">\r\r\n\r\r\n\t\r\n                \t<div class=\"uap-form-pass-additional-content\">\r\r\n\t\t\t\t\tPara restablecer su contrase\u00f1a, ingrese su direcci\u00f3n de correo electr\u00f3nico o nombre de usuario a continuaci\u00f3n\r\n\t\t\t\t\t<\/div>\r\r\n\t\t\t<div class=\"uap-form-line-fr\">\r\r\n\t\t\t\t  <input type=\"text\" value=\"\" name=\"email_or_userlogin\" class=\"uap-email-field\" placeholder=\"Ingrese su nombre de usuario o correo electr\u00f3nico\" \/>\r\r\n\t\t\t<\/div>\r\r\n\t\t\t<div class=\"uap-form-line-fr uap-form-submit\">\r\r\n\t\t\t\t<input type=\"submit\" value=\"Restablecer mi Contrase\u00f1a\" name=\"Submit\" class=\"uap-reset-password-button\" \/>\r\r\n\t\t\t<\/div>\r\r\n\t\t\r\n\r\r\n\t<\/form>\r\r\n\t\r\n<\/div>\r\r\n\n","protected":false},"excerpt":{"rendered":"<p>Please enter your username or email address below. You will receive a link to confirm the request via email. A new generated password will be provided<span class=\"excerpt-hellip\"> [\u2026]<\/span><\/p>\n","protected":false},"author":1,"featured_media":0,"parent":0,"menu_order":0,"comment_status":"closed","ping_status":"closed","template":"","meta":{"footnotes":""},"class_list":["post-11753","page","type-page","status-publish","hentry"],"jetpack_sharing_enabled":true,"_links":{"self":[{"href":"https:\/\/insunte.edu.mx\/es\/wp-json\/wp\/v2\/pages\/11753","targetHints":{"allow":["GET"]}}],"collection":[{"href":"https:\/\/insunte.edu.mx\/es\/wp-json\/wp\/v2\/pages"}],"about":[{"href":"https:\/\/insunte.edu.mx\/es\/wp-json\/wp\/v2\/types\/page"}],"author":[{"embeddable":true,"href":"https:\/\/insunte.edu.mx\/es\/wp-json\/wp\/v2\/users\/1"}],"replies":[{"embeddable":true,"href":"https:\/\/insunte.edu.mx\/es\/wp-json\/wp\/v2\/comments?post=11753"}],"version-history":[{"count":0,"href":"https:\/\/insunte.edu.mx\/es\/wp-json\/wp\/v2\/pages\/11753\/revisions"}],"wp:attachment":[{"href":"https:\/\/insunte.edu.mx\/es\/wp-json\/wp\/v2\/media?parent=11753"}],"curies":[{"name":"wp","href":"https:\/\/api.w.org\/{rel}","templated":true}]}}